{"id":937,"date":"2016-01-13T19:58:16","date_gmt":"2016-01-13T19:58:16","guid":{"rendered":"https:\/\/pacovelez.eu\/?page_id=937"},"modified":"2016-01-14T19:25:54","modified_gmt":"2016-01-14T19:25:54","slug":"marmelada-higos-y-tomate","status":"publish","type":"page","link":"https:\/\/pacovelez.eu\/es\/marmelada-higos-y-tomate\/","title":{"rendered":"Marmelada de higos y tomate"},"content":{"rendered":"<h3 class=\"widget-title\">Mermelada de higos casera<\/h3>\n<p>Adem\u00e1s de los muchos almendros y olivos , Casa Paco tambi\u00e9n tiene 8 higueras . De ellos , lo hacemos cada a\u00f1o (de junio a noviembre) , nuestra propia mermelada de higos . Los atascos que servimos a nuestros clientes en el desayuno , pero es tambi\u00e9n para la venta . La mermelada de higos est\u00e1 disponible en botellas de 370ml y 190ml .<\/p>\n","protected":false},"excerpt":{"rendered":"<p>Mermelada de higos casera Adem\u00e1s de los muchos almendros y olivos , Casa Paco tambi\u00e9n tiene 8 higueras . De ellos , lo hacemos cada a\u00f1o (de junio a noviembre) , nuestra propia mermelada de higos . Los atascos que servimos a nuestros clientes en el desayuno , pero es tambi\u00e9n para la venta . [&hellip;]<\/p>\n","protected":false},"author":1,"featured_media":0,"parent":0,"menu_order":0,"comment_status":"closed","ping_status":"closed","template":"","meta":{"_acf_changed":false,"_et_pb_use_builder":"","_et_pb_old_content":"","_et_gb_content_width":"","footnotes":""},"class_list":["post-937","page","type-page","status-publish","hentry"],"acf":[],"_links":{"self":[{"href":"https:\/\/pacovelez.eu\/es\/wp-json\/wp\/v2\/pages\/937","targetHints":{"allow":["GET"]}}],"collection":[{"href":"https:\/\/pacovelez.eu\/es\/wp-json\/wp\/v2\/pages"}],"about":[{"href":"https:\/\/pacovelez.eu\/es\/wp-json\/wp\/v2\/types\/page"}],"author":[{"embeddable":true,"href":"https:\/\/pacovelez.eu\/es\/wp-json\/wp\/v2\/users\/1"}],"replies":[{"embeddable":true,"href":"https:\/\/pacovelez.eu\/es\/wp-json\/wp\/v2\/comments?post=937"}],"version-history":[{"count":0,"href":"https:\/\/pacovelez.eu\/es\/wp-json\/wp\/v2\/pages\/937\/revisions"}],"wp:attachment":[{"href":"https:\/\/pacovelez.eu\/es\/wp-json\/wp\/v2\/media?parent=937"}],"curies":[{"name":"wp","href":"https:\/\/api.w.org\/{rel}","templated":true}]}}