{"id":931,"date":"2016-01-13T19:56:19","date_gmt":"2016-01-13T19:56:19","guid":{"rendered":"https:\/\/pacovelez.eu\/?page_id=931"},"modified":"2020-04-25T11:17:21","modified_gmt":"2020-04-25T11:17:21","slug":"aceite-de-oliva","status":"publish","type":"page","link":"https:\/\/pacovelez.eu\/es\/aceite-de-oliva\/","title":{"rendered":"Aceite de oliva"},"content":{"rendered":"<h3 class=\"widget-title\">El aceite de oliva Casera desde Casa Paco<\/h3>\n<p>El oro amarillo de Espa\u00f1a, como el aceite de oliva tambi\u00e9n se conoce . En febrero de 2009 comenzamos nuestro propio olivar. Optamos por dos a\u00f1os de edad, olivos Arbequina , que son conocidos por su muy buen aceite de oliva . De momento no se han previsto m\u00e1s de 250 \u00e1rboles , con la parte &#8216; adoptado &#8216; por amigos , familiares, clientes y otras partes interesadas ( leer m\u00e1s sobre el \u00bb Olivar \u00bb ) .<\/p>\n<h3 class=\"widget-title\">Arbequina olijfolie<\/h3>\n<p>La aceituna Arbequina es conocida por su excelente calidad, donde hay un sabor de pimiento y alcachofa distinguida . \u00bb Prejuicio\u00bb de la aceituna arbequina es su eficiencia en el aceite . El olivo promedio da aproximadamente 25 % de aceite, en el Arbequina esto es 14 %.<\/p>\n<p>Desde finales de 2009 Casa Paco vende su propio aceite de oliva arbequina en botellas de 500ml y desde finales de 2011 tenemos tres variantes de 250 ml a ; naturel , el ajo y el pimiento rojo .<\/p>\n<p>&nbsp;<\/p>\n","protected":false},"excerpt":{"rendered":"<p>El aceite de oliva Casera desde Casa Paco El oro amarillo de Espa\u00f1a, como el aceite de oliva tambi\u00e9n se conoce . En febrero de 2009 comenzamos nuestro propio olivar. Optamos por dos a\u00f1os de edad, olivos Arbequina , que son conocidos por su muy buen aceite de oliva . De momento no se han [&hellip;]<\/p>\n","protected":false},"author":1,"featured_media":0,"parent":0,"menu_order":0,"comment_status":"closed","ping_status":"closed","template":"","meta":{"_acf_changed":false,"_et_pb_use_builder":"","_et_pb_old_content":"","_et_gb_content_width":"","footnotes":""},"class_list":["post-931","page","type-page","status-publish","hentry"],"acf":[],"_links":{"self":[{"href":"https:\/\/pacovelez.eu\/es\/wp-json\/wp\/v2\/pages\/931","targetHints":{"allow":["GET"]}}],"collection":[{"href":"https:\/\/pacovelez.eu\/es\/wp-json\/wp\/v2\/pages"}],"about":[{"href":"https:\/\/pacovelez.eu\/es\/wp-json\/wp\/v2\/types\/page"}],"author":[{"embeddable":true,"href":"https:\/\/pacovelez.eu\/es\/wp-json\/wp\/v2\/users\/1"}],"replies":[{"embeddable":true,"href":"https:\/\/pacovelez.eu\/es\/wp-json\/wp\/v2\/comments?post=931"}],"version-history":[{"count":0,"href":"https:\/\/pacovelez.eu\/es\/wp-json\/wp\/v2\/pages\/931\/revisions"}],"wp:attachment":[{"href":"https:\/\/pacovelez.eu\/es\/wp-json\/wp\/v2\/media?parent=931"}],"curies":[{"name":"wp","href":"https:\/\/api.w.org\/{rel}","templated":true}]}}