{"id":913,"date":"2016-01-13T19:49:37","date_gmt":"2016-01-13T19:49:37","guid":{"rendered":"https:\/\/pacovelez.eu\/?page_id=913"},"modified":"2016-01-14T19:21:12","modified_gmt":"2016-01-14T19:21:12","slug":"los-velez-es","status":"publish","type":"page","link":"https:\/\/pacovelez.eu\/es\/los-velez-es\/","title":{"rendered":"Los Velez"},"content":{"rendered":"<p>Los Velez incluye los pueblos de V\u00e9lez Rubio, Maria, Chirivel y V\u00e9lez Blanco .<\/p>\n<p>&nbsp;<\/p>\n<h3 class=\"widget-title\">Velez Rubio<\/h3>\n<p>V\u00e9lez Rubio es un pueblo agradable y acogedor, con productos varios (tapas) restaurantes. El pueblo hace un muy espa\u00f1ol y est\u00e1 a s\u00f3lo 15 minutos a pie de Casa Paco . En el pueblo hay un bonito parque con zona de juegos infantil grande y tambi\u00e9n hay una gran piscina con zona infantil . El s\u00e1bado hay un gran mercado local.<\/p>\n<p>Por otra parte, &#8216; Cuevas o Letreros &#8216; las pinturas rupestres prehist\u00f3ricas vale la pena visitar . Tour de ir all\u00ed es divertido, pinturas rupestres est\u00e1n protegidos por la Unesco .<\/p>\n<h3 class=\"widget-title\">Velez Blanco<\/h3>\n<p>Velez Blanco is een authentiek Spaans dorpje op ongeveer 10 minuten rijden vanaf Casa Paco. Vanuit de tuin van Casa Paco is het dorp en het kasteel duidelijk te zien. Het gehele hoogseizoen en in de weekenden buiten het hoogseizoen is het kasteel ook \u2019s avonds verlicht. Het kasteel heeft vooral van de buitenkant een indrukwekkend voorkomen. Het interieur van het kasteel is in de loop der jaren verspreidt over de wereld terecht gekomen, waardoor het van de binnenkant wat \u2018kaal\u2019 overkomt. Woensdag is de marktdag in Velez Blanco.<\/p>\n<p><strong><a href=\"https:\/\/pacovelez.eu\/wp-content\/uploads\/2015\/08\/Folklore_2.jpg\"><img decoding=\"async\" class=\"alignnone size-full wp-image-331\" src=\"https:\/\/pacovelez.eu\/wp-content\/uploads\/2015\/08\/Folklore_2.jpg\" alt=\"Folklore_2\" width=\"480\" height=\"320\" \/><\/a><\/strong><\/p>\n<p>&nbsp;<\/p>\n<p>&nbsp;<\/p>\n","protected":false},"excerpt":{"rendered":"<p>Los Velez incluye los pueblos de V\u00e9lez Rubio, Maria, Chirivel y V\u00e9lez Blanco . &nbsp; Velez Rubio V\u00e9lez Rubio es un pueblo agradable y acogedor, con productos varios (tapas) restaurantes. El pueblo hace un muy espa\u00f1ol y est\u00e1 a s\u00f3lo 15 minutos a pie de Casa Paco . En el pueblo hay un bonito parque [&hellip;]<\/p>\n","protected":false},"author":1,"featured_media":0,"parent":0,"menu_order":0,"comment_status":"closed","ping_status":"closed","template":"","meta":{"_acf_changed":false,"_et_pb_use_builder":"","_et_pb_old_content":"","_et_gb_content_width":"","footnotes":""},"class_list":["post-913","page","type-page","status-publish","hentry"],"acf":[],"_links":{"self":[{"href":"https:\/\/pacovelez.eu\/es\/wp-json\/wp\/v2\/pages\/913","targetHints":{"allow":["GET"]}}],"collection":[{"href":"https:\/\/pacovelez.eu\/es\/wp-json\/wp\/v2\/pages"}],"about":[{"href":"https:\/\/pacovelez.eu\/es\/wp-json\/wp\/v2\/types\/page"}],"author":[{"embeddable":true,"href":"https:\/\/pacovelez.eu\/es\/wp-json\/wp\/v2\/users\/1"}],"replies":[{"embeddable":true,"href":"https:\/\/pacovelez.eu\/es\/wp-json\/wp\/v2\/comments?post=913"}],"version-history":[{"count":0,"href":"https:\/\/pacovelez.eu\/es\/wp-json\/wp\/v2\/pages\/913\/revisions"}],"wp:attachment":[{"href":"https:\/\/pacovelez.eu\/es\/wp-json\/wp\/v2\/media?parent=913"}],"curies":[{"name":"wp","href":"https:\/\/api.w.org\/{rel}","templated":true}]}}