{"id":889,"date":"2016-01-13T19:43:46","date_gmt":"2016-01-13T19:43:46","guid":{"rendered":"https:\/\/pacovelez.eu\/?page_id=889"},"modified":"2016-01-14T18:10:12","modified_gmt":"2016-01-14T18:10:12","slug":"almeria-es","status":"publish","type":"page","link":"https:\/\/pacovelez.eu\/es\/almeria-es\/","title":{"rendered":"Almeria"},"content":{"rendered":"<p>Almer\u00eda se encuentra a 70 minutos en coche de la Casa Paco .<\/p>\n<p>Almer\u00eda exuda una atm\u00f3sfera real de Andaluc\u00eda , sin ser invadido por los turistas. Almer\u00eda est\u00e1 situado en una amplia bah\u00eda y fue hace mil a\u00f1os una ciudad poderosa , porque a partir de aqu\u00ed, los moros gobernaron gran parte de Andaluc\u00eda y Murcia. El punto culminante de Almer\u00eda es tambi\u00e9n la fortaleza \u00e1rabe Alcazaba del siglo 11 que es definitivamente vale la pena visitar .<\/p>\n<p>La ciudad vieja es un laberinto de calles con tiendas , cafeter\u00edas , bares y tiendas de vino viejos , marcada por las plazas grandes y peque\u00f1as , como la Plaza Vieja , Almer\u00eda de la plaza m\u00e1s bella .<\/p>\n<p>&nbsp;<\/p>\n<p>Para dar un paseo se puede ir a las Ramblas en la parte nueva de la ciudad . Corriendo a trav\u00e9s del puerto, donde el p\u00e1ramo de la ma\u00f1ana los barcos. Almer\u00eda tambi\u00e9n tiene un paseo mar\u00edtimo agradable con playas de arena al final.<\/p>\n<p>Si vienes de Casa Paco Tome la carretera de la costa hacia Almer\u00eda , usted entra en uno de los lugares m\u00e1s desolados de Espa\u00f1a con raz\u00f3n. El Cabo de Gata -N\u00edjar se extiende a ambos lados de un promontorio . La naturaleza en esta zona de origen volc\u00e1nico es extremadamente dif\u00edcil, pero con acantilados , calas , rocas, lechos de r\u00edos secos y marismas<\/p>\n<p>Si vienes de Casa Paco Tome la carretera de la costa hacia Almer\u00eda , usted entra en uno de los lugares m\u00e1s desolados de Espa\u00f1a con raz\u00f3n. El Cabo de Gata -N\u00edjar se extiende a ambos lados de un promontorio . La naturaleza en esta zona de origen volc\u00e1nico es extremadamente dif\u00edcil, pero con acantilados , calas , rocas, lechos de r\u00edos secos y marismas<\/p>\n","protected":false},"excerpt":{"rendered":"<p>Almer\u00eda se encuentra a 70 minutos en coche de la Casa Paco . Almer\u00eda exuda una atm\u00f3sfera real de Andaluc\u00eda , sin ser invadido por los turistas. Almer\u00eda est\u00e1 situado en una amplia bah\u00eda y fue hace mil a\u00f1os una ciudad poderosa , porque a partir de aqu\u00ed, los moros gobernaron gran parte de Andaluc\u00eda [&hellip;]<\/p>\n","protected":false},"author":1,"featured_media":0,"parent":0,"menu_order":0,"comment_status":"closed","ping_status":"closed","template":"","meta":{"_acf_changed":false,"_et_pb_use_builder":"","_et_pb_old_content":"","_et_gb_content_width":"","footnotes":""},"class_list":["post-889","page","type-page","status-publish","hentry"],"acf":[],"_links":{"self":[{"href":"https:\/\/pacovelez.eu\/es\/wp-json\/wp\/v2\/pages\/889","targetHints":{"allow":["GET"]}}],"collection":[{"href":"https:\/\/pacovelez.eu\/es\/wp-json\/wp\/v2\/pages"}],"about":[{"href":"https:\/\/pacovelez.eu\/es\/wp-json\/wp\/v2\/types\/page"}],"author":[{"embeddable":true,"href":"https:\/\/pacovelez.eu\/es\/wp-json\/wp\/v2\/users\/1"}],"replies":[{"embeddable":true,"href":"https:\/\/pacovelez.eu\/es\/wp-json\/wp\/v2\/comments?post=889"}],"version-history":[{"count":0,"href":"https:\/\/pacovelez.eu\/es\/wp-json\/wp\/v2\/pages\/889\/revisions"}],"wp:attachment":[{"href":"https:\/\/pacovelez.eu\/es\/wp-json\/wp\/v2\/media?parent=889"}],"curies":[{"name":"wp","href":"https:\/\/api.w.org\/{rel}","templated":true}]}}