{"id":877,"date":"2016-01-13T19:37:51","date_gmt":"2016-01-13T19:37:51","guid":{"rendered":"https:\/\/pacovelez.eu\/?page_id=877"},"modified":"2018-06-12T13:10:16","modified_gmt":"2018-06-12T13:10:16","slug":"aktividades","status":"publish","type":"page","link":"https:\/\/pacovelez.eu\/es\/aktividades\/","title":{"rendered":"Aktividades"},"content":{"rendered":"[et_pb_section bb_built=\u00bb1&#8243;][et_pb_row][et_pb_column type=\u00bb4_4&#8243;][et_pb_text admin_label=\u00bbAktiviteiten\u00bb _builder_version=\u00bb3.0.100&#8243; background_layout=\u00bblight\u00bb]\n<h1>Aktividades<\/h1>\n[\/et_pb_text][et_pb_divider _builder_version=\u00bb3.0.100&#8243; show_divider=\u00bbon\u00bb height=\u00bb5px\u00bb color=\u00bb#d6d6d6&#8243; saved_tabs=\u00bball\u00bb \/][\/et_pb_column][\/et_pb_row][et_pb_row][et_pb_column type=\u00bb4_4&#8243;][et_pb_text admin_label=\u00bbUiteenlopende Aktiviteiten\u00bb _builder_version=\u00bb3.0.100&#8243; background_layout=\u00bblight\u00bb header_3_font=\u00bb|600|||||||\u00bb]\n<p><strong>Diversas actividades.<\/strong><\/p>\n<p>Casa Paco se encuentra en el borde del impresionante Parque Nacional Sierra Mar\u00eda-Los Velez. El entorno de Casa Paco es ideal para diversas actividades que puede realizar de forma independiente o con la ayuda de Casa Paco. Las posibilidades var\u00edan desde hermosas rutas de autom\u00f3viles, rutas de senderismo, buitres hasta descensos deportivos y aventureros en cuevas.<\/p>\n<p>Alquiler de bicicletas de monta\u00f1a en Casa Paco<\/p>\n<p>Para hacer hermosos paseos en bicicleta puede alquilar bicicletas de monta\u00f1a profesionales en Casa Paco por \u20ac 15 por d\u00eda u \u20ac 8, &#8211; por una parte de un d\u00eda. Casa Paco tiene rutas disponibles desde principiantes hasta avanzados.<\/p>\n<p><strong>Algo para todos!<\/strong><\/p>\n<p>&#8211; Rappel, parapente, bicicleta de monta\u00f1a, cabalgatas, surf, monta\u00f1ismo en quad, espeolog\u00eda, etc.<br \/>\n&#8211; Maravillosos recorridos a pie, posiblemente, i.c.m. geocaching (GPS presente)<br \/>\n&#8211; Spotting buitres en el Parque Nacional Sierra Mar\u00eda-Los Velez<br \/>\n&#8211; Visita Granada y la mundialmente famosa Alhambra<br \/>\n&#8211; En 50 minutos se encuentra en la playa ba\u00f1ada por el sol de \u00c1guilas<br \/>\n&#8211; Visita una f\u00e1brica de aceite de oliva y prueba diferentes tipos<br \/>\n&#8211; Descubre la vida pesquera espa\u00f1ola yendo por un d\u00eda en el mar<br \/>\n&#8211; Experimenta la diversi\u00f3n en la ciudad de Murcia (\u00a1buenas compras!)<br \/>\n&#8211; \u00bfEsquiando en Espa\u00f1a? Granada tiene las fant\u00e1sticas pistas de Sierra Nevada<br \/>\n&#8211; Visite el antiguo castillo de V\u00e9lez Blanco &#8211; Pasee por el casco antiguo de Lorca<br \/>\n&#8211; Educativo, los jardines bot\u00e1nicos en la ciudad de Maria<br \/>\n&#8211; Golf en uno de los muchos campos de golf cercanos<br \/>\n&#8211; Conducir a Cabo de Gata y disfrutar de la vista<br \/>\n&#8211; Visita la &#8216;vieja&#8217; ciudad naval de Cartagena<br \/>\n&#8211; Dibujos rupestres prehist\u00f3ricos en &#8216;Cuevas de Letreros&#8217;<br \/>\n&#8211; Visita Texas Hollywood en Tabernas<br \/>\n&#8211; Excelentes viajes de buceo en la Costa Almer\u00eda.<\/p>\n<p>Por supuesto, tambi\u00e9n puede relajarse en la piscina, en el sal\u00f3n o en uno de los muchos asientos en los terrenos de Casa Paco.<\/p>\n[\/et_pb_text][\/et_pb_column][\/et_pb_row][\/et_pb_section]\n","protected":false},"excerpt":{"rendered":"<p><div class=\"et_pb_row et_pb_row_0 et_pb_row_empty\">\n\t\t\t\t\n\t\t\t\t\n\t\t\t\t\n\t\t\t\t\n\t\t\t\t\n\t\t\t<\/div> Aktividades <div class=\"et_pb_row et_pb_row_1 et_pb_row_empty\">\n\t\t\t\t\n\t\t\t\t\n\t\t\t\t\n\t\t\t\t\n\t\t\t\t\n\t\t\t<\/div> Diversas actividades. Casa Paco se encuentra en el borde del impresionante Parque Nacional Sierra Mar\u00eda-Los Velez. El entorno de Casa Paco es ideal para diversas actividades que puede realizar de forma independiente o con la ayuda de Casa Paco. Las posibilidades var\u00edan desde hermosas rutas de autom\u00f3viles, rutas de senderismo, buitres hasta [&hellip;]<\/p>\n","protected":false},"author":1,"featured_media":0,"parent":0,"menu_order":0,"comment_status":"closed","ping_status":"closed","template":"","meta":{"_acf_changed":false,"_et_pb_use_builder":"on","_et_pb_old_content":"<h3 class=\"widget-title\">Uiteenlopende Aktiviteiten<\/h3><p>Casa Paco is gelegen aan de rand van het adembenemende Nationaal Park Sierra Maria-Los Velez. De omgeving van Casa Paco is uitermate geschikt voor uiteenlopende aktiviteiten welke u zelfstandig of met hulp van Casa Paco kunt ondernemen. De mogelijkheden varieren van schitterende autoroutes, wandelroutes, gieren spotten tot sportieve en avontuurlijke afdalingen in grotten..<\/p><h3 class=\"widget-title\">Mountainbike verhuur bij Casa Paco<\/h3><p>Voor het maken van schitterende fietstochten kan je bij Casa Paco professionele mountain bikes huren voor \u20ac 15 per dag of \u20ac 8,- voor een dagdeel. Casa Paco heeft routes beschikbaar van beginners t\/m gevorderden.<\/p><h3 class=\"widget-title\">Voor ieder wat wils!<\/h3><p>- Abseilen, parapenten, mountainbiken, paardrijden, surfen, bergbeklimmen quadrijden, speologie etc. - Heerlijke wandeltochten eventueel i.c.m. geocaching\u00a0(GPS aanwezig) - Gieren spotten in Nationaal Park Sierra Maria-Los Velez - Bezoek Granada en het wereldberoemde <a href=\"http:\/\/www.alhambra-tickets.es\">Alhambra<\/a> - Binnen 50 minuten zit u aan het zonovergoten strand van <a href=\"http:\/\/www.aguilas.es\">Aguilas<\/a> - Bezoek een olijfoliefabriek en proef de verschillende soorten - Ontdek het Spaanse vissersleven door een dag op zee mee te gaan - Ervaar de gezelligheid in de stad Murcia (goed shoppen!!) - Ski\u00ebn in Spanje? Bij Granada bevinden zich de fantastische pistes van de <a href=\"http:\/\/www.sierranevada.es\">Sierra Nevada<\/a> - Bezoek het eeuwenoude kasteel van Velez Blanco - Slenteren door de oude stad Lorca - Educatief, de botanische tuinen bij het plaatsje Maria - Golfen op \u00e9\u00e9n van de vele nabijgelegen golfbanen - Rij naar Cabo de Gata en geniet van het uitzicht - Bezoek de 'oude' marinestad <a href=\"http:\/\/www.cartagena.es\">Cartagena<\/a> - Prehistorische grottekeningen in 'Caves of Letreros' - Bezoek Texas Hollywood bij <a href=\"http:\/\/www.fortbravooficial.com\">Tabernas<\/a> - Schitterende duiktrips aan de Costa Almeria Natuurlijk kan er ook lekker gerelaxed worden aan het zwembad, in het loungegedeelte of 1 van de vele zitjes op het terrein van Casa Paco.<\/p>","_et_gb_content_width":"","footnotes":""},"class_list":["post-877","page","type-page","status-publish","hentry"],"acf":[],"_links":{"self":[{"href":"https:\/\/pacovelez.eu\/es\/wp-json\/wp\/v2\/pages\/877","targetHints":{"allow":["GET"]}}],"collection":[{"href":"https:\/\/pacovelez.eu\/es\/wp-json\/wp\/v2\/pages"}],"about":[{"href":"https:\/\/pacovelez.eu\/es\/wp-json\/wp\/v2\/types\/page"}],"author":[{"embeddable":true,"href":"https:\/\/pacovelez.eu\/es\/wp-json\/wp\/v2\/users\/1"}],"replies":[{"embeddable":true,"href":"https:\/\/pacovelez.eu\/es\/wp-json\/wp\/v2\/comments?post=877"}],"version-history":[{"count":0,"href":"https:\/\/pacovelez.eu\/es\/wp-json\/wp\/v2\/pages\/877\/revisions"}],"wp:attachment":[{"href":"https:\/\/pacovelez.eu\/es\/wp-json\/wp\/v2\/media?parent=877"}],"curies":[{"name":"wp","href":"https:\/\/api.w.org\/{rel}","templated":true}]}}