{"id":865,"date":"2016-01-13T19:32:52","date_gmt":"2016-01-13T19:32:52","guid":{"rendered":"https:\/\/pacovelez.eu\/?page_id=865"},"modified":"2018-06-12T13:41:45","modified_gmt":"2018-06-12T13:41:45","slug":"sala","status":"publish","type":"page","link":"https:\/\/pacovelez.eu\/es\/sala\/","title":{"rendered":"Sala"},"content":{"rendered":"[et_pb_section bb_built=\u00bb1&#8243; fullwidth=\u00bboff\u00bb specialty=\u00bboff\u00bb][et_pb_row][et_pb_column type=\u00bb4_4&#8243;][et_pb_text admin_label=\u00bbLiving\u00bb _builder_version=\u00bb3.0.100&#8243; background_layout=\u00bblight\u00bb]\n<h1 class=\"entry-title\">Sala<\/h1>\n[\/et_pb_text][et_pb_divider _builder_version=\u00bb3.0.100&#8243; show_divider=\u00bbon\u00bb height=\u00bb5px\u00bb color=\u00bb#d6d6d6&#8243; saved_tabs=\u00bball\u00bb \/][\/et_pb_column][\/et_pb_row][et_pb_row][et_pb_column type=\u00bb2_3&#8243;][et_pb_text admin_label=\u00bbIn de huiselijke living van Casa Paco \u00bb _builder_version=\u00bb3.0.100&#8243; background_layout=\u00bblight\u00bb]\n<p>Puede relajarse en la acogedora sala de estar de Casa Paco. Encontrar\u00e1s una amplia selecci\u00f3n de libros de lectura, varios juegos e informaci\u00f3n sobre lugares de inter\u00e9s en Casa Paco y sus alrededores. Por supuesto, tambi\u00e9n puede utilizar su correo electr\u00f3nico o internet a trav\u00e9s de la conexi\u00f3n WiFi gratuita disponible.<\/p>\n<p>Tambi\u00e9n puede ir aqu\u00ed si no puede perderse el mundo digital de la televisi\u00f3n y los programas de todo del mundo.<\/p>\n<p>En resumen, disfrute de su relajaci\u00f3n, \u00a1son sus vacaciones!<\/p>\n[\/et_pb_text][\/et_pb_column][et_pb_column type=\u00bb1_3&#8243;][\/et_pb_column][\/et_pb_row][et_pb_row][et_pb_column type=\u00bb1_2&#8243;][et_pb_image _builder_version=\u00bb3.1.1&#8243; src=\u00bbhttps:\/\/pacovelez.eu\/wp-content\/uploads\/2016\/01\/IMG_0288.jpg\u00bb show_in_lightbox=\u00bbon\u00bb \/][\/et_pb_column][et_pb_column type=\u00bb1_2&#8243;][et_pb_image _builder_version=\u00bb3.1.1&#8243; src=\u00bbhttps:\/\/pacovelez.eu\/wp-content\/uploads\/2016\/01\/IMG_0290.jpg\u00bb show_in_lightbox=\u00bbon\u00bb \/][\/et_pb_column][\/et_pb_row][\/et_pb_section]\n","protected":false},"excerpt":{"rendered":"<p><div class=\"et_pb_row et_pb_row_0 et_pb_row_empty\">\n\t\t\t\t\n\t\t\t\t\n\t\t\t\t\n\t\t\t\t\n\t\t\t\t\n\t\t\t<\/div> Sala <div class=\"et_pb_row et_pb_row_1 et_pb_row_empty\">\n\t\t\t\t\n\t\t\t\t\n\t\t\t\t\n\t\t\t\t\n\t\t\t\t\n\t\t\t<\/div> Puede relajarse en la acogedora sala de estar de Casa Paco. Encontrar\u00e1s una amplia selecci\u00f3n de libros de lectura, varios juegos e informaci\u00f3n sobre lugares de inter\u00e9s en Casa Paco y sus alrededores. Por supuesto, tambi\u00e9n puede utilizar su correo electr\u00f3nico o internet a trav\u00e9s de la conexi\u00f3n WiFi gratuita disponible. Tambi\u00e9n [&hellip;]<\/p>\n","protected":false},"author":1,"featured_media":0,"parent":0,"menu_order":0,"comment_status":"closed","ping_status":"closed","template":"","meta":{"_acf_changed":false,"_et_pb_use_builder":"on","_et_pb_old_content":"<p>In de huiselijke\u00a0living van Casa Paco kunt u even lekker relaxen. U vindt er een uitgebreide leesboekenselectie, diverse spelletjes en\u00a0informatie\u00a0over bezienswaardigheden in en rondom Casa Paco. Via de aanwezige gratis WiFI kunt u natuurlijk ook bij uw email of op het internet.<\/p><p>Tevens kunt u hier terecht als u even de digitale wereld van de TV en Nederlandse programma`s niet kunt missen.<\/p><p>Kortom geniet van uw ontspanning, het is namelijk uw vakantie!<\/p><p><a href=\"https:\/\/pacovelez.eu\/wp-content\/uploads\/2017\/01\/IMG_0288.jpg\" rel=\"attachment wp-att-1285\"><img class=\"alignleft wp-image-1285 size-medium\" src=\"https:\/\/pacovelez.eu\/wp-content\/uploads\/2017\/01\/IMG_0288-300x300.jpg\" alt=\"IMG_0288\" width=\"300\" height=\"300\" \/><\/a><\/p><p><a href=\"https:\/\/pacovelez.eu\/wp-content\/uploads\/2015\/08\/living-casa-paco-02.jpg\"><img class=\"alignnone wp-image-2032\" src=\"https:\/\/pacovelez.eu\/wp-content\/uploads\/2015\/08\/living-casa-paco-02-300x225.jpg\" alt=\"living-casa-paco\" width=\"562\" height=\"422\" \/><\/a><\/p><p>\u00a0<\/p>","_et_gb_content_width":"","footnotes":""},"class_list":["post-865","page","type-page","status-publish","hentry"],"acf":[],"_links":{"self":[{"href":"https:\/\/pacovelez.eu\/es\/wp-json\/wp\/v2\/pages\/865","targetHints":{"allow":["GET"]}}],"collection":[{"href":"https:\/\/pacovelez.eu\/es\/wp-json\/wp\/v2\/pages"}],"about":[{"href":"https:\/\/pacovelez.eu\/es\/wp-json\/wp\/v2\/types\/page"}],"author":[{"embeddable":true,"href":"https:\/\/pacovelez.eu\/es\/wp-json\/wp\/v2\/users\/1"}],"replies":[{"embeddable":true,"href":"https:\/\/pacovelez.eu\/es\/wp-json\/wp\/v2\/comments?post=865"}],"version-history":[{"count":0,"href":"https:\/\/pacovelez.eu\/es\/wp-json\/wp\/v2\/pages\/865\/revisions"}],"wp:attachment":[{"href":"https:\/\/pacovelez.eu\/es\/wp-json\/wp\/v2\/media?parent=865"}],"curies":[{"name":"wp","href":"https:\/\/api.w.org\/{rel}","templated":true}]}}