{"id":801052,"date":"2023-01-25T10:21:04","date_gmt":"2023-01-25T09:21:04","guid":{"rendered":"https:\/\/pacovelez.eu\/aanbod-huizen-en-kavels\/"},"modified":"2023-03-22T12:22:39","modified_gmt":"2023-03-22T11:22:39","slug":"aanbod-huizen-en-kavels","status":"publish","type":"page","link":"https:\/\/pacovelez.eu\/es\/aanbod-huizen-en-kavels\/","title":{"rendered":"Casas y terreno en offerta"},"content":{"rendered":"[et_pb_section fb_built=\u00bb1&#8243; _builder_version=\u00bb4.19.4&#8243; _module_preset=\u00bbdefault\u00bb global_colors_info=\u00bb{}\u00bb][et_pb_row _builder_version=\u00bb4.20.2&#8243; _module_preset=\u00bbdefault\u00bb global_colors_info=\u00bb{}\u00bb][et_pb_column type=\u00bb4_4&#8243; _builder_version=\u00bb4.20.2&#8243; _module_preset=\u00bbdefault\u00bb global_colors_info=\u00bb{}\u00bb][et_pb_text _builder_version=\u00bb4.20.2&#8243; _module_preset=\u00bbdefault\u00bb global_colors_info=\u00bb{}\u00bb]Bienvenido a nuestra selecci\u00f3n de casas y lotes. Con m\u00e1s de 15 a\u00f1os de experiencia en la regi\u00f3n de Los V\u00e9lez, hemos construido una red confiable. Mediamos entre el comprador y el vendedor y nos aseguramos de que ambas partes obtengan el mejor proceso de compra y venta posible. \u00bfTiene deseos especiales (de compra) o est\u00e1 buscando un comprador para su casa o lote&#8230; no dude en contactarnos![\/et_pb_text][\/et_pb_column][\/et_pb_row][et_pb_row column_structure=\u00bb1_2,1_2&#8243; _builder_version=\u00bb4.19.4&#8243; _module_preset=\u00bbdefault\u00bb global_colors_info=\u00bb{}\u00bb][et_pb_column type=\u00bb1_2&#8243; _builder_version=\u00bb4.19.4&#8243; _module_preset=\u00bbdefault\u00bb global_colors_info=\u00bb{}\u00bb][et_pb_cta title=\u00bbCasas en venta\u00bb button_url=\u00bbhttps:\/\/pacovelez.eu\/project_category\/huizen-te-koop\/\u00bb button_text=\u00bbCasas en venta\u00bb _builder_version=\u00bb4.19.4&#8243; _module_preset=\u00bbdefault\u00bb background_image=\u00bbhttps:\/\/pacovelez.eu\/wp-content\/uploads\/2023\/01\/AdobeStock_109121886_Preview.jpeg\u00bb min_height=\u00bb450px\u00bb custom_padding=\u00bb20%||||false|false\u00bb global_colors_info=\u00bb{}\u00bb]\n<p>Casas en venta<\/p>\n[\/et_pb_cta][\/et_pb_column][et_pb_column type=\u00bb1_2&#8243; _builder_version=\u00bb4.19.4&#8243; _module_preset=\u00bbdefault\u00bb global_colors_info=\u00bb{}\u00bb][et_pb_cta title=\u00bbTerrenos en venta\u00bb button_url=\u00bbhttps:\/\/pacovelez.eu\/project_category\/kavels-te-koop\/\u00bb button_text=\u00bbTerrenos en venta\u00bb _builder_version=\u00bb4.19.4&#8243; _module_preset=\u00bbdefault\u00bb background_image=\u00bbhttps:\/\/pacovelez.eu\/wp-content\/uploads\/2023\/01\/AdobeStock_556881864_Preview.jpeg\u00bb min_height=\u00bb450px\u00bb custom_padding=\u00bb20%||||false|false\u00bb global_colors_info=\u00bb{}\u00bb]\n<p>Terreno en venta<\/p>\n[\/et_pb_cta][\/et_pb_column][\/et_pb_row][et_pb_row _builder_version=\u00bb4.19.4&#8243; _module_preset=\u00bbdefault\u00bb global_colors_info=\u00bb{}\u00bb][et_pb_column type=\u00bb4_4&#8243; _builder_version=\u00bb4.19.4&#8243; _module_preset=\u00bbdefault\u00bb global_colors_info=\u00bb{}\u00bb][et_pb_filterable_portfolio fullwidth=\u00bboff\u00bb posts_number=\u00bb12&#8243; include_categories=\u00bb224,225&#8243; disabled_on=\u00bbon|on|on\u00bb admin_label=\u00bbHier verschijnt straks het nieuwste aanbod &#8211; filterbaar op kavels &#8211; woningen\u00bb _builder_version=\u00bb4.19.4&#8243; _module_preset=\u00bbdefault\u00bb disabled=\u00bbon\u00bb global_colors_info=\u00bb{}\u00bb][\/et_pb_filterable_portfolio][\/et_pb_column][\/et_pb_row][\/et_pb_section]\n","protected":false},"excerpt":{"rendered":"<p>Bienvenido a nuestra selecci\u00f3n de casas y lotes. Con m\u00e1s de 15 a\u00f1os de experiencia en la regi\u00f3n de Los V\u00e9lez, hemos construido una red confiable. Mediamos entre el comprador y el vendedor y nos aseguramos de que ambas partes obtengan el mejor proceso de compra y venta posible. \u00bfTiene deseos especiales (de compra) o [&hellip;]<\/p>\n","protected":false},"author":3,"featured_media":0,"parent":0,"menu_order":0,"comment_status":"closed","ping_status":"closed","template":"","meta":{"_acf_changed":false,"_et_pb_use_builder":"on","_et_pb_old_content":"","_et_gb_content_width":"","footnotes":""},"class_list":["post-801052","page","type-page","status-publish","hentry"],"acf":[],"_links":{"self":[{"href":"https:\/\/pacovelez.eu\/es\/wp-json\/wp\/v2\/pages\/801052","targetHints":{"allow":["GET"]}}],"collection":[{"href":"https:\/\/pacovelez.eu\/es\/wp-json\/wp\/v2\/pages"}],"about":[{"href":"https:\/\/pacovelez.eu\/es\/wp-json\/wp\/v2\/types\/page"}],"author":[{"embeddable":true,"href":"https:\/\/pacovelez.eu\/es\/wp-json\/wp\/v2\/users\/3"}],"replies":[{"embeddable":true,"href":"https:\/\/pacovelez.eu\/es\/wp-json\/wp\/v2\/comments?post=801052"}],"version-history":[{"count":0,"href":"https:\/\/pacovelez.eu\/es\/wp-json\/wp\/v2\/pages\/801052\/revisions"}],"wp:attachment":[{"href":"https:\/\/pacovelez.eu\/es\/wp-json\/wp\/v2\/media?parent=801052"}],"curies":[{"name":"wp","href":"https:\/\/api.w.org\/{rel}","templated":true}]}}