{"id":800121,"date":"2022-03-01T21:15:29","date_gmt":"2022-03-01T20:15:29","guid":{"rendered":"https:\/\/pacovelez.eu\/de-suelo-espanol\/"},"modified":"2022-03-01T21:15:31","modified_gmt":"2022-03-01T20:15:31","slug":"de-suelo-espanol","status":"publish","type":"page","link":"https:\/\/pacovelez.eu\/es\/de-suelo-espanol\/","title":{"rendered":"De suelo espa\u00f1ol"},"content":{"rendered":"\n<h2 class=\"wp-block-heading\">Aceite de oliva, almendras, jamones y mucho m\u00e1s&#8230; \u00a1t\u00fa pides y te lo llevamos!<\/h2>\n\n<p style=\"font-size:18px\">Durante mi vida laboral en los Pa\u00edses Bajos, como comprador de productos alimenticios, ya estaba convencido de la amplia gama y calidad de los productos de Espa\u00f1a. Desafortunadamente, las diferencias culturales y la comprensi\u00f3n de la certificaci\u00f3n requerida (IFS, BRC,&#8230;) causan obst\u00e1culos en el proceso de compra. Despu\u00e9s de 14 a\u00f1os de trabajar y vivir en Espa\u00f1a, conocemos la receta correcta para lidiar con esto y brindarte la \u00abcombinaci\u00f3n\u00bb espa\u00f1ola correcta. A continuaci\u00f3n se muestra una selecci\u00f3n de las opciones, si buscas un producto diferente, <a href=\"pascal@pacovelez.eu\">\u00a1contacta con nosotros!<\/a><\/p>\n\n<div class=\"wp-block-media-text alignwide is-stacked-on-mobile\"><figure class=\"wp-block-media-text__media\"><img decoding=\"async\" src=\"https:\/\/pacovelez.eu\/wp-content\/uploads\/2022\/01\/pexels-pixabay-33783.jpg\" alt=\"\" class=\"wp-image-5808 size-full\"\/><\/figure><div class=\"wp-block-media-text__content\">\n<p class=\"has-normal-font-size\">El oro amarillo de Espa\u00f1a. El aceite de oliva es saludable y est\u00e1 en auge en la cocina europea. Ofrecemos aceite de oliva de calidad Virgen y Virgen Extra a granel o envasado al consumidor. Tambi\u00e9n son posibles tiradas personalizadas (marca propia) (a partir de 500 piezas) en 250 ml o 500 ml.<\/p>\n<\/div><\/div>\n\n<p><\/p>\n\n<p><\/p>\n\n<div class=\"wp-block-media-text alignwide is-stacked-on-mobile\"><figure class=\"wp-block-media-text__media\"><img decoding=\"async\" width=\"2560\" height=\"1707\" src=\"https:\/\/pacovelez.eu\/wp-content\/uploads\/2022\/01\/pexels-irina-iriser-1013420-scaled.jpg\" alt=\"Almendras de suelo espa\u00f1ol\" class=\"wp-image-5812 size-full\" srcset=\"https:\/\/pacovelez.eu\/wp-content\/uploads\/2022\/01\/pexels-irina-iriser-1013420-scaled.jpg 2560w, https:\/\/pacovelez.eu\/wp-content\/uploads\/2022\/01\/pexels-irina-iriser-1013420-300x200.jpg 300w\" sizes=\"(max-width: 2560px) 100vw, 2560px\" \/><\/figure><div class=\"wp-block-media-text__content\">\n<p class=\"has-normal-font-size\">Despu\u00e9s de Estados Unidos, Espa\u00f1a es el mayor proveedor de almendras. Tenemos contactos con las principales partes productoras y transformadoras de Espa\u00f1a. Almendras con piel, sin piel, en virutas o en cubos, todo es posible.<\/p>\n<\/div><\/div>\n\n<p><\/p>\n\n<p><\/p>\n\n<div class=\"wp-block-media-text alignwide is-stacked-on-mobile\"><figure class=\"wp-block-media-text__media\"><img decoding=\"async\" width=\"1024\" height=\"683\" src=\"https:\/\/pacovelez.eu\/wp-content\/uploads\/2022\/01\/spain-g1177eb319_1920-1024x683.jpg\" alt=\"\" class=\"wp-image-799205 size-full\" srcset=\"https:\/\/pacovelez.eu\/wp-content\/uploads\/2022\/01\/spain-g1177eb319_1920-980x653.jpg 980w, https:\/\/pacovelez.eu\/wp-content\/uploads\/2022\/01\/spain-g1177eb319_1920-480x320.jpg 480w\" sizes=\"(min-width: 0px) and (max-width: 480px) 480px, (min-width: 481px) and (max-width: 980px) 980px, (min-width: 981px) 1024px, 100vw\" \/><\/figure><div class=\"wp-block-media-text__content\">\n<p class=\"has-normal-font-size\">Fant\u00e1sticos jamones que se deshacen en la boca. Patas delanteras y\/o traseras, podemos suministrarlas en todas las calidades, posiblemente incluso est\u00e1ndar. Puede elegir entre la calidad b\u00e1sica o los tres grados dentro de la gama Ib\u00e9rico.<\/p>\n<\/div><\/div>\n","protected":false},"excerpt":{"rendered":"<p>Aceite de oliva, almendras, jamones y mucho m\u00e1s&#8230; \u00a1t\u00fa pides y te lo llevamos! Durante mi vida laboral en los Pa\u00edses Bajos, como comprador de productos alimenticios, ya estaba convencido de la amplia gama y calidad de los productos de Espa\u00f1a. Desafortunadamente, las diferencias culturales y la comprensi\u00f3n de la certificaci\u00f3n requerida (IFS, BRC,&#8230;) causan [&hellip;]<\/p>\n","protected":false},"author":1,"featured_media":5808,"parent":0,"menu_order":0,"comment_status":"closed","ping_status":"closed","template":"","meta":{"_acf_changed":false,"_et_pb_use_builder":"off","_et_pb_old_content":"","_et_gb_content_width":"","footnotes":""},"class_list":["post-800121","page","type-page","status-publish","has-post-thumbnail","hentry"],"acf":[],"_links":{"self":[{"href":"https:\/\/pacovelez.eu\/es\/wp-json\/wp\/v2\/pages\/800121","targetHints":{"allow":["GET"]}}],"collection":[{"href":"https:\/\/pacovelez.eu\/es\/wp-json\/wp\/v2\/pages"}],"about":[{"href":"https:\/\/pacovelez.eu\/es\/wp-json\/wp\/v2\/types\/page"}],"author":[{"embeddable":true,"href":"https:\/\/pacovelez.eu\/es\/wp-json\/wp\/v2\/users\/1"}],"replies":[{"embeddable":true,"href":"https:\/\/pacovelez.eu\/es\/wp-json\/wp\/v2\/comments?post=800121"}],"version-history":[{"count":0,"href":"https:\/\/pacovelez.eu\/es\/wp-json\/wp\/v2\/pages\/800121\/revisions"}],"wp:featuredmedia":[{"embeddable":true,"href":"https:\/\/pacovelez.eu\/es\/wp-json\/wp\/v2\/media\/5808"}],"wp:attachment":[{"href":"https:\/\/pacovelez.eu\/es\/wp-json\/wp\/v2\/media?parent=800121"}],"curies":[{"name":"wp","href":"https:\/\/api.w.org\/{rel}","templated":true}]}}