{"id":800028,"date":"2022-02-05T11:51:58","date_gmt":"2022-02-05T10:51:58","guid":{"rendered":"https:\/\/pacovelez.eu\/mantenimiento-casa-jardin-y-piscina\/"},"modified":"2024-07-04T13:14:27","modified_gmt":"2024-07-04T11:14:27","slug":"mantenimiento-casa-jardin-y-piscina","status":"publish","type":"page","link":"https:\/\/pacovelez.eu\/es\/mantenimiento-casa-jardin-y-piscina\/","title":{"rendered":"Mantenimiento casa, jard\u00edn y piscina."},"content":{"rendered":"<p><strong>Disfruta al m\u00e1ximo de tu (2\u00aa) casa en Espa\u00f1a<\/strong><\/p>\n\n<p>Ese es nuestro punto de partida para la ayuda que ofrecemos con el mantenimiento de su casa, jard\u00edn y\/o piscina. Y lo hemos estado haciendo a plena satisfacci\u00f3n durante 14 a\u00f1os. En esos 14 a\u00f1os hemos construido una extensa red de profesionales especializados, muchas veces locales y con un enfoque pragm\u00e1tico. Somos transparentes en nuestras propias tarifas (a partir de 17.50\u20ac la hora) y en los costes previstos de los profesionales que se puedan tener que contratar.<\/p>\n\n<div class=\"wp-block-columns is-layout-flex wp-container-core-columns-is-layout-9d6595d7 wp-block-columns-is-layout-flex\">\n<div class=\"wp-block-column is-layout-flow wp-block-column-is-layout-flow\">\n<p class=\"has-medium-font-size\"><strong>Ayuda con el mantenimiento de su hogar;<\/strong><\/p>\n<\/div>\n\n\n\n<div class=\"wp-block-column is-layout-flow wp-block-column-is-layout-flow\"><\/div>\n<\/div>\n\n<div class=\"wp-block-columns is-layout-flex wp-container-core-columns-is-layout-9d6595d7 wp-block-columns-is-layout-flex\">\n<div class=\"wp-block-column is-layout-flow wp-block-column-is-layout-flow\">\n<ul class=\"wp-block-list\">\n<li>Pintura<\/li>\n\n\n\n<li>Obras<\/li>\n\n\n\n<li>Limpieza de chimnea<\/li>\n\n\n\n<li>Entrega de lena<\/li>\n\n\n\n<li>Llaves de la casa<\/li>\n\n\n\n<li>Limpieza<\/li>\n\n\n\n<li>Aquilar vacacional<\/li>\n\n\n\n<li>Contacto por terceras<\/li>\n<\/ul>\n<\/div>\n\n\n\n<div class=\"wp-block-column is-layout-flow wp-block-column-is-layout-flow\">\n<div class=\"wp-block-buttons is-layout-flex wp-block-buttons-is-layout-flex\">\n<div class=\"wp-block-button\"><a class=\"wp-block-button__link wp-element-button\" href=\"mailto:info@pacovelez.eu\">Escr\u00edbenos para m\u00e1s informaci\u00f3n sobre el mantenimiento de tu hogar<\/a><\/div>\n<\/div>\n\n\n\n<div class=\"wp-block-buttons is-layout-flex wp-block-buttons-is-layout-flex\"><\/div>\n\n\n\n<div class=\"wp-block-buttons is-layout-flex wp-block-buttons-is-layout-flex\"><\/div>\n\n\n\n<div class=\"wp-block-buttons is-layout-flex wp-block-buttons-is-layout-flex\"><\/div>\n\n\n\n<div class=\"wp-block-buttons is-layout-flex wp-block-buttons-is-layout-flex\"><\/div>\n\n\n\n<div class=\"wp-block-buttons is-layout-flex wp-block-buttons-is-layout-flex\"><\/div>\n<\/div>\n<\/div>\n\n<div class=\"wp-block-columns is-layout-flex wp-container-core-columns-is-layout-9d6595d7 wp-block-columns-is-layout-flex\">\n<div class=\"wp-block-column is-layout-flow wp-block-column-is-layout-flow\">\n<div class=\"wp-block-columns is-layout-flex wp-container-core-columns-is-layout-9d6595d7 wp-block-columns-is-layout-flex\">\n<div class=\"wp-block-column is-layout-flow wp-block-column-is-layout-flow\">\n<p class=\"has-medium-font-size\"><strong>Ayuda con el mantenimiento de tu jard\u00edn;<\/strong><\/p>\n<\/div>\n<\/div>\n<\/div>\n\n\n\n<div class=\"wp-block-column is-layout-flow wp-block-column-is-layout-flow\"><\/div>\n<\/div>\n\n<div class=\"wp-block-columns is-layout-flex wp-container-core-columns-is-layout-9d6595d7 wp-block-columns-is-layout-flex\">\n<div class=\"wp-block-column is-layout-flow wp-block-column-is-layout-flow\">\n<ul class=\"wp-block-list\">\n<li>Limpieza de mala hierba<\/li>\n\n\n\n<li>Jardinero<\/li>\n\n\n\n<li>Llabrar<\/li>\n\n\n\n<li>Estierco<\/li>\n\n\n\n<li>Plantar arboles<\/li>\n\n\n\n<li>Coshega de almendras y olivos<\/li>\n\n\n\n<li>Tuberia <\/li>\n<\/ul>\n<\/div>\n\n\n\n<div class=\"wp-block-column is-layout-flow wp-block-column-is-layout-flow\">\n<div class=\"wp-block-buttons is-layout-flex wp-block-buttons-is-layout-flex\">\n<div class=\"wp-block-button\"><a class=\"wp-block-button__link wp-element-button\" href=\"mailto:info@pacovelez.eu\">Escr\u00edbenos para m\u00e1s informaci\u00f3n sobre el mantenimiento de tu jard\u00edn<\/a><\/div>\n<\/div>\n<\/div>\n<\/div>\n\n<div class=\"wp-block-columns is-layout-flex wp-container-core-columns-is-layout-9d6595d7 wp-block-columns-is-layout-flex\">\n<div class=\"wp-block-column is-layout-flow wp-block-column-is-layout-flow\">\n<p class=\"has-medium-font-size\"><strong>Ayuda con el mantenimiento de tu piscina<\/strong><\/p>\n<\/div>\n\n\n\n<div class=\"wp-block-column is-layout-flow wp-block-column-is-layout-flow\"><\/div>\n<\/div>\n\n<div class=\"wp-block-columns is-layout-flex wp-container-core-columns-is-layout-9d6595d7 wp-block-columns-is-layout-flex\">\n<div class=\"wp-block-column is-layout-flow wp-block-column-is-layout-flow\">\n<ul class=\"wp-block-list\">\n<li>Mantenamiento de piscina<\/li>\n\n\n\n<li>Entrega de agua<\/li>\n\n\n\n<li>Revision de installacion de piscina<\/li>\n<\/ul>\n<\/div>\n\n\n\n<div class=\"wp-block-column is-layout-flow wp-block-column-is-layout-flow\">\n<div class=\"wp-block-buttons is-layout-flex wp-block-buttons-is-layout-flex\">\n<div class=\"wp-block-button\"><a class=\"wp-block-button__link wp-element-button\" href=\"mailto:info@pacovelez.eu\">Escr\u00edbenos para m\u00e1s informaci\u00f3n sobre el mantenimiento de tu piscina<\/a><\/div>\n<\/div>\n<\/div>\n<\/div>\n\n<p><\/p>\n","protected":false},"excerpt":{"rendered":"<p>Disfruta al m\u00e1ximo de tu (2\u00aa) casa en Espa\u00f1a Ese es nuestro punto de partida para la ayuda que ofrecemos con el mantenimiento de su casa, jard\u00edn y\/o piscina. Y lo hemos estado haciendo a plena satisfacci\u00f3n durante 14 a\u00f1os. En esos 14 a\u00f1os hemos construido una extensa red de profesionales especializados, muchas veces locales [&hellip;]<\/p>\n","protected":false},"author":1,"featured_media":0,"parent":0,"menu_order":0,"comment_status":"closed","ping_status":"closed","template":"","meta":{"_acf_changed":false,"_et_pb_use_builder":"off","_et_pb_old_content":"","_et_gb_content_width":"","footnotes":""},"class_list":["post-800028","page","type-page","status-publish","hentry"],"acf":[],"_links":{"self":[{"href":"https:\/\/pacovelez.eu\/es\/wp-json\/wp\/v2\/pages\/800028","targetHints":{"allow":["GET"]}}],"collection":[{"href":"https:\/\/pacovelez.eu\/es\/wp-json\/wp\/v2\/pages"}],"about":[{"href":"https:\/\/pacovelez.eu\/es\/wp-json\/wp\/v2\/types\/page"}],"author":[{"embeddable":true,"href":"https:\/\/pacovelez.eu\/es\/wp-json\/wp\/v2\/users\/1"}],"replies":[{"embeddable":true,"href":"https:\/\/pacovelez.eu\/es\/wp-json\/wp\/v2\/comments?post=800028"}],"version-history":[{"count":0,"href":"https:\/\/pacovelez.eu\/es\/wp-json\/wp\/v2\/pages\/800028\/revisions"}],"wp:attachment":[{"href":"https:\/\/pacovelez.eu\/es\/wp-json\/wp\/v2\/media?parent=800028"}],"curies":[{"name":"wp","href":"https:\/\/api.w.org\/{rel}","templated":true}]}}