{"id":800026,"date":"2022-02-05T11:35:46","date_gmt":"2022-02-05T10:35:46","guid":{"rendered":"https:\/\/pacovelez.eu\/se-vende-casas-y-ayuda-en-el-proceso-de-compraventa\/"},"modified":"2022-02-05T11:35:48","modified_gmt":"2022-02-05T10:35:48","slug":"se-vende-casas-y-ayuda-en-el-proceso-de-compraventa","status":"publish","type":"page","link":"https:\/\/pacovelez.eu\/es\/se-vende-casas-y-ayuda-en-el-proceso-de-compraventa\/","title":{"rendered":"Se vende casas y ayuda en el proceso de compraventa"},"content":{"rendered":"\n<h2 class=\"wp-block-heading\" id=\"unieke-voorselectie-bij-uw-zoektocht-naar-een-2e-huis-in-spanje-andalusie\">Preselecci\u00f3n \u00fanica en su b\u00fasqueda de (2\u00aa) casa en Espa\u00f1a (Andaluc\u00eda)<\/h2>\n\n<div class=\"wp-block-columns is-layout-flex wp-container-core-columns-is-layout-9d6595d7 wp-block-columns-is-layout-flex\">\n<div class=\"wp-block-column is-layout-flow wp-block-column-is-layout-flow\"><\/div>\n\n\n\n<div class=\"wp-block-column is-layout-flow wp-block-column-is-layout-flow\"><\/div>\n<\/div>\n\n<div class=\"wp-block-columns is-layout-flex wp-container-core-columns-is-layout-9d6595d7 wp-block-columns-is-layout-flex\">\n<div class=\"wp-block-column is-layout-flow wp-block-column-is-layout-flow\">\n<p>\u00bfQuiere ahorrar tiempo y dinero en su b\u00fasqueda de una (segunda) casa? \u00a1Tenemos la soluci\u00f3n! Con las gafas puestas, visitaremos las casas que hayas seleccionado previamente. \u00a1Con nuestro conocimiento y contactos, nos aseguramos de que solo queden de su selecci\u00f3n aquellas casas que realmente cumplan con sus preferencias! \u00bfQuieres saber m\u00e1s sobre este concepto \u00fanico?<\/p>\n<\/div>\n\n\n\n<div class=\"wp-block-column is-layout-flow wp-block-column-is-layout-flow\">\n<div class=\"wp-block-buttons is-layout-flex wp-block-buttons-is-layout-flex\">\n<div class=\"wp-block-button\"><a class=\"wp-block-button__link\" href=\"https:\/\/pacovelez.eu\/aankoopbegeleiding-(2e)-huis\">\u00bfLe gustar\u00eda saber m\u00e1s sobre este concepto \u00fanico y tambi\u00e9n ahorrar dinero y tiempo?<\/a><\/div>\n<\/div>\n<\/div>\n<\/div>\n\n<h2 class=\"wp-block-heading\" id=\"huizen-te-koop\">Casas en venta<\/h2>\n\n<p>Despu\u00e9s de vivir en Los V\u00e9lez durante 14 a\u00f1os, conocemos los lugares m\u00e1s hermosos para vivir, pero tambi\u00e9n las trampas del mercado inmobiliario local. La oferta de casas a menudo corre a trav\u00e9s de los sitios web de varios \u00abagentes inmobiliarios\u00bb y (con excepciones) a menudo se trata solo de 1 cosa &#8230; \u00a1vender r\u00e1pido!<\/p>\n\n<p>No somos intermediarios y no queremos serlo, pero podemos mostrarle casas en venta y, si est\u00e1 interesado, ponerlo en contacto con la parte vendedora. No le cobramos a la parte compradora ning\u00fan costo por esto, obtenemos nuestra compensaci\u00f3n de nuestra compensaci\u00f3n de la parte vendedora.<\/p>\n\n<p>Somos abiertos y honestos sobre el estatus &#8216;legal&#8217; de todas las casas que ofrecemos. Nuestro objetivo es mostrar solo casas que est\u00e9n en posesi\u00f3n de una &#8216;Licencia de primera Ocupaci\u00f3n&#8217; o un A.F.O.<\/p>\n\n<p>Por supuesto, puede contactarnos para la orientaci\u00f3n de compra de su casa, consulte tambi\u00e9n nuestra p\u00e1gina &#8216;Tr\u00e1mites&#8217;. Nuestra amplia red en Los V\u00e9lez y sus alrededores tambi\u00e9n le da acceso a abogados, empresas constructoras, proveedores, etc. Tambi\u00e9n puede utilizar nuestros servicios del mantenimiento de su casa, jard\u00edn y piscina. Vea tambi\u00e9n nuestra p\u00e1gina Mantenimiento casa, jard\u00edn y piscina<\/p>\n\n<p><\/p>\n\n<div class=\"wp-block-columns is-layout-flex wp-container-core-columns-is-layout-9d6595d7 wp-block-columns-is-layout-flex\">\n<div class=\"wp-block-column is-layout-flow wp-block-column-is-layout-flow\"><style type=\"text\/css\">\n#foogallery-gallery-799873 .fg-image { width: 150px; }\n#foogallery-gallery-799873 { --fg-gutter: 10px; }<\/style>\n\t\t\t<div class=\"foogallery foogallery-container foogallery-default foogallery-lightbox-foobox fg-center fg-default fg-ready fg-light fg-border-thin fg-shadow-outline fg-loading-default fg-loaded-fade-in fg-caption-hover fg-hover-fade fg-hover-zoom\" id=\"foogallery-gallery-799873\" data-foogallery=\"{&quot;item&quot;:{&quot;showCaptionTitle&quot;:true,&quot;showCaptionDescription&quot;:true},&quot;lazy&quot;:true}\" style=\"--fg-title-line-clamp: 0; --fg-description-line-clamp: 0;\" >\n\t<div class=\"fg-item fg-type-image fg-idle\"><figure class=\"fg-item-inner\"><a href=\"https:\/\/pacovelez.eu\/wp-content\/uploads\/2022\/01\/c5087c04-029e-4456-b4a9-57478f175557.jpg\" data-attachment-id=\"799835\" data-type=\"image\" class=\"fg-thumb\"><span class=\"fg-image-wrap\"><img decoding=\"async\" width=\"150\" height=\"150\" class=\"skip-lazy fg-image\" data-src-fg=\"https:\/\/pacovelez.eu\/wp-content\/uploads\/cache\/2022\/01\/c5087c04-029e-4456-b4a9-57478f175557\/3369789850.jpg\" src=\"data:image\/svg+xml,%3Csvg%20xmlns%3D%22http%3A%2F%2Fwww.w3.org%2F2000%2Fsvg%22%20width%3D%22150%22%20height%3D%22150%22%20viewBox%3D%220%200%20150%20150%22%3E%3C%2Fsvg%3E\" loading=\"eager\"><\/span><span class=\"fg-image-overlay\"><\/span><\/a><\/figure><div class=\"fg-loader\"><\/div><\/div><div class=\"fg-item fg-type-image fg-idle\"><figure class=\"fg-item-inner\"><a href=\"https:\/\/pacovelez.eu\/wp-content\/uploads\/2022\/01\/c90151c4-228f-44f6-be63-060366131f2f-1.jpg\" data-attachment-id=\"799847\" data-type=\"image\" class=\"fg-thumb\"><span class=\"fg-image-wrap\"><img decoding=\"async\" width=\"150\" height=\"150\" class=\"skip-lazy fg-image\" data-src-fg=\"https:\/\/pacovelez.eu\/wp-content\/uploads\/cache\/2022\/01\/c90151c4-228f-44f6-be63-060366131f2f-1\/354432845.jpg\" src=\"data:image\/svg+xml,%3Csvg%20xmlns%3D%22http%3A%2F%2Fwww.w3.org%2F2000%2Fsvg%22%20width%3D%22150%22%20height%3D%22150%22%20viewBox%3D%220%200%20150%20150%22%3E%3C%2Fsvg%3E\" loading=\"eager\"><\/span><span class=\"fg-image-overlay\"><\/span><\/a><\/figure><div class=\"fg-loader\"><\/div><\/div><div class=\"fg-item fg-type-image fg-idle\"><figure class=\"fg-item-inner\"><a href=\"https:\/\/pacovelez.eu\/wp-content\/uploads\/2022\/01\/376fa2d3-c56a-42a9-8d91-abb87c246370.jpg\" data-attachment-id=\"799851\" data-type=\"image\" class=\"fg-thumb\"><span class=\"fg-image-wrap\"><img decoding=\"async\" width=\"150\" height=\"150\" class=\"skip-lazy fg-image\" data-src-fg=\"https:\/\/pacovelez.eu\/wp-content\/uploads\/cache\/2022\/01\/376fa2d3-c56a-42a9-8d91-abb87c246370\/1159011920.jpg\" src=\"data:image\/svg+xml,%3Csvg%20xmlns%3D%22http%3A%2F%2Fwww.w3.org%2F2000%2Fsvg%22%20width%3D%22150%22%20height%3D%22150%22%20viewBox%3D%220%200%20150%20150%22%3E%3C%2Fsvg%3E\" loading=\"eager\"><\/span><span class=\"fg-image-overlay\"><\/span><\/a><\/figure><div class=\"fg-loader\"><\/div><\/div><div class=\"fg-item fg-type-image fg-idle\"><figure class=\"fg-item-inner\"><a href=\"https:\/\/pacovelez.eu\/wp-content\/uploads\/2022\/01\/609fbc76-f2d3-452d-a751-3ef13439d94f.jpg\" data-attachment-id=\"799827\" data-type=\"image\" class=\"fg-thumb\"><span class=\"fg-image-wrap\"><img decoding=\"async\" width=\"150\" height=\"150\" class=\"skip-lazy fg-image\" data-src-fg=\"https:\/\/pacovelez.eu\/wp-content\/uploads\/cache\/2022\/01\/609fbc76-f2d3-452d-a751-3ef13439d94f\/1412625148.jpg\" src=\"data:image\/svg+xml,%3Csvg%20xmlns%3D%22http%3A%2F%2Fwww.w3.org%2F2000%2Fsvg%22%20width%3D%22150%22%20height%3D%22150%22%20viewBox%3D%220%200%20150%20150%22%3E%3C%2Fsvg%3E\" loading=\"eager\"><\/span><span class=\"fg-image-overlay\"><\/span><\/a><\/figure><div class=\"fg-loader\"><\/div><\/div><div class=\"fg-item fg-type-image fg-idle\"><figure class=\"fg-item-inner\"><a href=\"https:\/\/pacovelez.eu\/wp-content\/uploads\/2022\/01\/8b166f04-b3a4-429b-a984-af405190bf7a.jpg\" data-attachment-id=\"799811\" data-type=\"image\" class=\"fg-thumb\"><span class=\"fg-image-wrap\"><img decoding=\"async\" width=\"150\" height=\"150\" class=\"skip-lazy fg-image\" data-src-fg=\"https:\/\/pacovelez.eu\/wp-content\/uploads\/cache\/2022\/01\/8b166f04-b3a4-429b-a984-af405190bf7a\/3881756782.jpg\" src=\"data:image\/svg+xml,%3Csvg%20xmlns%3D%22http%3A%2F%2Fwww.w3.org%2F2000%2Fsvg%22%20width%3D%22150%22%20height%3D%22150%22%20viewBox%3D%220%200%20150%20150%22%3E%3C%2Fsvg%3E\" loading=\"eager\"><\/span><span class=\"fg-image-overlay\"><\/span><\/a><\/figure><div class=\"fg-loader\"><\/div><\/div><div class=\"fg-item fg-type-image fg-idle\"><figure class=\"fg-item-inner\"><a href=\"https:\/\/pacovelez.eu\/wp-content\/uploads\/2022\/01\/c7f420ff-c188-45c6-991a-9a6a2c855c63.jpg\" data-attachment-id=\"799803\" data-type=\"image\" class=\"fg-thumb\"><span class=\"fg-image-wrap\"><img decoding=\"async\" width=\"150\" height=\"150\" class=\"skip-lazy fg-image\" data-src-fg=\"https:\/\/pacovelez.eu\/wp-content\/uploads\/cache\/2022\/01\/c7f420ff-c188-45c6-991a-9a6a2c855c63\/3105787134.jpg\" src=\"data:image\/svg+xml,%3Csvg%20xmlns%3D%22http%3A%2F%2Fwww.w3.org%2F2000%2Fsvg%22%20width%3D%22150%22%20height%3D%22150%22%20viewBox%3D%220%200%20150%20150%22%3E%3C%2Fsvg%3E\" loading=\"eager\"><\/span><span class=\"fg-image-overlay\"><\/span><\/a><\/figure><div class=\"fg-loader\"><\/div><\/div><div class=\"fg-item fg-type-image fg-idle\"><figure class=\"fg-item-inner\"><a href=\"https:\/\/pacovelez.eu\/wp-content\/uploads\/2022\/01\/492bc9c9-9f69-45a1-bba8-164fe1ed7eea.jpg\" data-attachment-id=\"799799\" data-type=\"image\" class=\"fg-thumb\"><span class=\"fg-image-wrap\"><img decoding=\"async\" width=\"150\" height=\"150\" class=\"skip-lazy fg-image\" data-src-fg=\"https:\/\/pacovelez.eu\/wp-content\/uploads\/cache\/2022\/01\/492bc9c9-9f69-45a1-bba8-164fe1ed7eea\/2063903646.jpg\" src=\"data:image\/svg+xml,%3Csvg%20xmlns%3D%22http%3A%2F%2Fwww.w3.org%2F2000%2Fsvg%22%20width%3D%22150%22%20height%3D%22150%22%20viewBox%3D%220%200%20150%20150%22%3E%3C%2Fsvg%3E\" loading=\"eager\"><\/span><span class=\"fg-image-overlay\"><\/span><\/a><\/figure><div class=\"fg-loader\"><\/div><\/div><div class=\"fg-item fg-type-image fg-idle\"><figure class=\"fg-item-inner\"><a href=\"https:\/\/pacovelez.eu\/wp-content\/uploads\/2022\/01\/f1ea18d2-157d-4d91-ae29-86c6b7804eb1.jpg\" data-attachment-id=\"799823\" data-type=\"image\" class=\"fg-thumb\"><span class=\"fg-image-wrap\"><img decoding=\"async\" width=\"150\" height=\"150\" class=\"skip-lazy fg-image\" data-src-fg=\"https:\/\/pacovelez.eu\/wp-content\/uploads\/cache\/2022\/01\/f1ea18d2-157d-4d91-ae29-86c6b7804eb1\/1384652286.jpg\" src=\"data:image\/svg+xml,%3Csvg%20xmlns%3D%22http%3A%2F%2Fwww.w3.org%2F2000%2Fsvg%22%20width%3D%22150%22%20height%3D%22150%22%20viewBox%3D%220%200%20150%20150%22%3E%3C%2Fsvg%3E\" loading=\"eager\"><\/span><span class=\"fg-image-overlay\"><\/span><\/a><\/figure><div class=\"fg-loader\"><\/div><\/div><div class=\"fg-item fg-type-image fg-idle\"><figure class=\"fg-item-inner\"><a href=\"https:\/\/pacovelez.eu\/wp-content\/uploads\/2022\/01\/e32ce779-0487-420c-98b1-e2cb36646543.jpg\" data-attachment-id=\"799819\" data-type=\"image\" class=\"fg-thumb\"><span class=\"fg-image-wrap\"><img decoding=\"async\" width=\"150\" height=\"150\" class=\"skip-lazy fg-image\" data-src-fg=\"https:\/\/pacovelez.eu\/wp-content\/uploads\/cache\/2022\/01\/e32ce779-0487-420c-98b1-e2cb36646543\/3549211996.jpg\" src=\"data:image\/svg+xml,%3Csvg%20xmlns%3D%22http%3A%2F%2Fwww.w3.org%2F2000%2Fsvg%22%20width%3D%22150%22%20height%3D%22150%22%20viewBox%3D%220%200%20150%20150%22%3E%3C%2Fsvg%3E\" loading=\"eager\"><\/span><span class=\"fg-image-overlay\"><\/span><\/a><\/figure><div class=\"fg-loader\"><\/div><\/div><div class=\"fg-item fg-type-image fg-idle\"><figure class=\"fg-item-inner\"><a href=\"https:\/\/pacovelez.eu\/wp-content\/uploads\/2022\/01\/716f0888-6bd5-4add-8362-2fb7fa1c7c0a.jpg\" data-attachment-id=\"799815\" data-type=\"image\" class=\"fg-thumb\"><span class=\"fg-image-wrap\"><img decoding=\"async\" width=\"150\" height=\"150\" class=\"skip-lazy fg-image\" data-src-fg=\"https:\/\/pacovelez.eu\/wp-content\/uploads\/cache\/2022\/01\/716f0888-6bd5-4add-8362-2fb7fa1c7c0a\/548602979.jpg\" src=\"data:image\/svg+xml,%3Csvg%20xmlns%3D%22http%3A%2F%2Fwww.w3.org%2F2000%2Fsvg%22%20width%3D%22150%22%20height%3D%22150%22%20viewBox%3D%220%200%20150%20150%22%3E%3C%2Fsvg%3E\" loading=\"eager\"><\/span><span class=\"fg-image-overlay\"><\/span><\/a><\/figure><div class=\"fg-loader\"><\/div><\/div><div class=\"fg-item fg-type-image fg-idle\"><figure class=\"fg-item-inner\"><a href=\"https:\/\/pacovelez.eu\/wp-content\/uploads\/2022\/01\/c9b0e4b1-c85a-442d-bd5e-1c5f3f734f69.jpg\" data-attachment-id=\"799795\" data-type=\"image\" class=\"fg-thumb\"><span class=\"fg-image-wrap\"><img decoding=\"async\" width=\"150\" height=\"150\" class=\"skip-lazy fg-image\" data-src-fg=\"https:\/\/pacovelez.eu\/wp-content\/uploads\/cache\/2022\/01\/c9b0e4b1-c85a-442d-bd5e-1c5f3f734f69\/165172144.jpg\" src=\"data:image\/svg+xml,%3Csvg%20xmlns%3D%22http%3A%2F%2Fwww.w3.org%2F2000%2Fsvg%22%20width%3D%22150%22%20height%3D%22150%22%20viewBox%3D%220%200%20150%20150%22%3E%3C%2Fsvg%3E\" loading=\"eager\"><\/span><span class=\"fg-image-overlay\"><\/span><\/a><\/figure><div class=\"fg-loader\"><\/div><\/div><div class=\"fg-item fg-type-image fg-idle\"><figure class=\"fg-item-inner\"><a href=\"https:\/\/pacovelez.eu\/wp-content\/uploads\/2022\/01\/3d0dd7ab-d4f1-4670-9e36-3ba49f58a72a.jpg\" data-attachment-id=\"799791\" data-type=\"image\" class=\"fg-thumb\"><span class=\"fg-image-wrap\"><img decoding=\"async\" width=\"150\" height=\"150\" class=\"skip-lazy fg-image\" data-src-fg=\"https:\/\/pacovelez.eu\/wp-content\/uploads\/cache\/2022\/01\/3d0dd7ab-d4f1-4670-9e36-3ba49f58a72a\/1026491916.jpg\" src=\"data:image\/svg+xml,%3Csvg%20xmlns%3D%22http%3A%2F%2Fwww.w3.org%2F2000%2Fsvg%22%20width%3D%22150%22%20height%3D%22150%22%20viewBox%3D%220%200%20150%20150%22%3E%3C%2Fsvg%3E\" loading=\"eager\"><\/span><span class=\"fg-image-overlay\"><\/span><\/a><\/figure><div class=\"fg-loader\"><\/div><\/div><div class=\"fg-item fg-type-image fg-idle\"><figure class=\"fg-item-inner\"><a href=\"https:\/\/pacovelez.eu\/wp-content\/uploads\/2022\/01\/6c4b4154-9e9c-4c1c-a392-f4df618fce01.jpg\" data-attachment-id=\"799783\" data-type=\"image\" class=\"fg-thumb\"><span class=\"fg-image-wrap\"><img decoding=\"async\" width=\"150\" height=\"150\" class=\"skip-lazy fg-image\" data-src-fg=\"https:\/\/pacovelez.eu\/wp-content\/uploads\/cache\/2022\/01\/6c4b4154-9e9c-4c1c-a392-f4df618fce01\/2030220778.jpg\" src=\"data:image\/svg+xml,%3Csvg%20xmlns%3D%22http%3A%2F%2Fwww.w3.org%2F2000%2Fsvg%22%20width%3D%22150%22%20height%3D%22150%22%20viewBox%3D%220%200%20150%20150%22%3E%3C%2Fsvg%3E\" loading=\"eager\"><\/span><span class=\"fg-image-overlay\"><\/span><\/a><\/figure><div class=\"fg-loader\"><\/div><\/div><div class=\"fg-item fg-type-image fg-idle\"><figure class=\"fg-item-inner\"><a href=\"https:\/\/pacovelez.eu\/wp-content\/uploads\/2022\/01\/c4d7b92e-67a2-4c8d-8243-d57b40428f23.jpg\" data-attachment-id=\"799779\" data-type=\"image\" class=\"fg-thumb\"><span class=\"fg-image-wrap\"><img decoding=\"async\" width=\"150\" height=\"150\" class=\"skip-lazy fg-image\" data-src-fg=\"https:\/\/pacovelez.eu\/wp-content\/uploads\/cache\/2022\/01\/c4d7b92e-67a2-4c8d-8243-d57b40428f23\/2805805693.jpg\" src=\"data:image\/svg+xml,%3Csvg%20xmlns%3D%22http%3A%2F%2Fwww.w3.org%2F2000%2Fsvg%22%20width%3D%22150%22%20height%3D%22150%22%20viewBox%3D%220%200%20150%20150%22%3E%3C%2Fsvg%3E\" loading=\"eager\"><\/span><span class=\"fg-image-overlay\"><\/span><\/a><\/figure><div class=\"fg-loader\"><\/div><\/div><div class=\"fg-item fg-type-image fg-idle\"><figure class=\"fg-item-inner\"><a href=\"https:\/\/pacovelez.eu\/wp-content\/uploads\/2022\/01\/9bfb87a8-20a5-4b3e-9383-a5a43aca3e17.jpg\" data-attachment-id=\"799775\" data-type=\"image\" class=\"fg-thumb\"><span class=\"fg-image-wrap\"><img decoding=\"async\" width=\"150\" height=\"150\" class=\"skip-lazy fg-image\" data-src-fg=\"https:\/\/pacovelez.eu\/wp-content\/uploads\/cache\/2022\/01\/9bfb87a8-20a5-4b3e-9383-a5a43aca3e17\/3192170598.jpg\" src=\"data:image\/svg+xml,%3Csvg%20xmlns%3D%22http%3A%2F%2Fwww.w3.org%2F2000%2Fsvg%22%20width%3D%22150%22%20height%3D%22150%22%20viewBox%3D%220%200%20150%20150%22%3E%3C%2Fsvg%3E\" loading=\"eager\"><\/span><span class=\"fg-image-overlay\"><\/span><\/a><\/figure><div class=\"fg-loader\"><\/div><\/div><div class=\"fg-item fg-type-image fg-idle\"><figure class=\"fg-item-inner\"><a href=\"https:\/\/pacovelez.eu\/wp-content\/uploads\/2022\/01\/276b080c-66af-4bb9-8f82-6efa80c783bd.jpg\" data-attachment-id=\"799843\" data-type=\"image\" class=\"fg-thumb\"><span class=\"fg-image-wrap\"><img decoding=\"async\" width=\"150\" height=\"150\" class=\"skip-lazy fg-image\" data-src-fg=\"https:\/\/pacovelez.eu\/wp-content\/uploads\/cache\/2022\/01\/276b080c-66af-4bb9-8f82-6efa80c783bd\/1871770291.jpg\" src=\"data:image\/svg+xml,%3Csvg%20xmlns%3D%22http%3A%2F%2Fwww.w3.org%2F2000%2Fsvg%22%20width%3D%22150%22%20height%3D%22150%22%20viewBox%3D%220%200%20150%20150%22%3E%3C%2Fsvg%3E\" loading=\"eager\"><\/span><span class=\"fg-image-overlay\"><\/span><\/a><\/figure><div class=\"fg-loader\"><\/div><\/div><div class=\"fg-item fg-type-image fg-idle\"><figure class=\"fg-item-inner\"><a href=\"https:\/\/pacovelez.eu\/wp-content\/uploads\/2022\/01\/1af70b2d-5ded-4720-abbb-f5b779bd7768.jpg\" data-attachment-id=\"799839\" data-type=\"image\" class=\"fg-thumb\"><span class=\"fg-image-wrap\"><img decoding=\"async\" width=\"150\" height=\"150\" class=\"skip-lazy fg-image\" data-src-fg=\"https:\/\/pacovelez.eu\/wp-content\/uploads\/cache\/2022\/01\/1af70b2d-5ded-4720-abbb-f5b779bd7768\/1907904228.jpg\" src=\"data:image\/svg+xml,%3Csvg%20xmlns%3D%22http%3A%2F%2Fwww.w3.org%2F2000%2Fsvg%22%20width%3D%22150%22%20height%3D%22150%22%20viewBox%3D%220%200%20150%20150%22%3E%3C%2Fsvg%3E\" loading=\"eager\"><\/span><span class=\"fg-image-overlay\"><\/span><\/a><\/figure><div class=\"fg-loader\"><\/div><\/div><div class=\"fg-item fg-type-image fg-idle\"><figure class=\"fg-item-inner\"><a href=\"https:\/\/pacovelez.eu\/wp-content\/uploads\/2022\/02\/Tekening-garage.jpg\" data-attachment-id=\"799967\" data-type=\"image\" class=\"fg-thumb\"><span class=\"fg-image-wrap\"><img decoding=\"async\" width=\"150\" height=\"150\" class=\"skip-lazy fg-image\" data-src-fg=\"https:\/\/pacovelez.eu\/wp-content\/uploads\/cache\/2022\/02\/Tekening-garage\/2070944281.jpg\" src=\"data:image\/svg+xml,%3Csvg%20xmlns%3D%22http%3A%2F%2Fwww.w3.org%2F2000%2Fsvg%22%20width%3D%22150%22%20height%3D%22150%22%20viewBox%3D%220%200%20150%20150%22%3E%3C%2Fsvg%3E\" loading=\"eager\"><\/span><span class=\"fg-image-overlay\"><\/span><\/a><\/figure><div class=\"fg-loader\"><\/div><\/div><div class=\"fg-item fg-type-image fg-idle\"><figure class=\"fg-item-inner\"><a href=\"https:\/\/pacovelez.eu\/wp-content\/uploads\/2022\/02\/Tekening-balsa.jpg\" data-attachment-id=\"799963\" data-type=\"image\" class=\"fg-thumb\"><span class=\"fg-image-wrap\"><img decoding=\"async\" width=\"150\" height=\"150\" class=\"skip-lazy fg-image\" data-src-fg=\"https:\/\/pacovelez.eu\/wp-content\/uploads\/cache\/2022\/02\/Tekening-balsa\/4290205353.jpg\" src=\"data:image\/svg+xml,%3Csvg%20xmlns%3D%22http%3A%2F%2Fwww.w3.org%2F2000%2Fsvg%22%20width%3D%22150%22%20height%3D%22150%22%20viewBox%3D%220%200%20150%20150%22%3E%3C%2Fsvg%3E\" loading=\"eager\"><\/span><span class=\"fg-image-overlay\"><\/span><\/a><\/figure><div class=\"fg-loader\"><\/div><\/div><\/div>\n<\/div>\n\n\n\n<div class=\"wp-block-column is-layout-flow wp-block-column-is-layout-flow\">\n<p>Este es uno de esos lugares de los que te enamoras. Situado en un lugar \u00fanico al pie de la monta\u00f1a &#8216;La Muela&#8217; y con unas vistas espectaculares. A unos 9 km del centro de V\u00e9lez Rubio o V\u00e9lez Blanco, pero dotado de todas las comodidades. Conexi\u00f3n fija de agua y electricidad, complementada con paneles solares. Adem\u00e1s, para los d\u00edas m\u00e1s frescos, calefacci\u00f3n central y por supuesto una acogedora chimenea. La casa es relativamente nueva y moderna y tiene 3 dormitorios y 2 ba\u00f1os. El terreno vallado de 10.000 m2 es apto para plantar almendros y olivos. Ubicada en un \u00e1rea protegida, esta casa no podr\u00e1 ampliarse m\u00e1s ni tener una piscina fija. Una piscina sobre el suelo y una extensi\u00f3n para fines agr\u00edcolas (por ejemplo, un cobertizo\/garaje) est\u00e1n entre las posibilidades. La superficie construida es de 135 m2, de los cuales 105 m2 son habitables. La casa es totalmente legal y tiene una &#8216;Licencia de primera ocupaci\u00f3n&#8217;. El arquitecto tiene planos detallados para la construcci\u00f3n de un estanque y garaje. La azotea exterior orientada al sur es el lugar de las tardes de verano, sol, vista, vino&#8230;&#8230;.<\/p>\n\n\n\n<div class=\"wp-block-columns is-layout-flex wp-container-core-columns-is-layout-9d6595d7 wp-block-columns-is-layout-flex\">\n<div class=\"wp-block-column is-layout-flow wp-block-column-is-layout-flow\"><\/div>\n\n\n\n<div class=\"wp-block-column is-layout-flow wp-block-column-is-layout-flow\"><\/div>\n<\/div>\n\n\n\n<div class=\"wp-block-columns is-layout-flex wp-container-core-columns-is-layout-9d6595d7 wp-block-columns-is-layout-flex\">\n<div class=\"wp-block-column is-layout-flow wp-block-column-is-layout-flow\">\n<p class=\"has-medium-font-size\"><strong>Precio \u20ac 206.000,-<\/strong><\/p>\n<\/div>\n\n\n\n<div class=\"wp-block-column is-layout-flow wp-block-column-is-layout-flow\">\n<div class=\"wp-block-buttons is-layout-flex wp-block-buttons-is-layout-flex\">\n<div class=\"wp-block-button\"><a class=\"wp-block-button__link\" href=\"mailto:info@pacovelez.eu\">Env\u00edame m\u00e1s informaci\u00f3n sobre Casa Hero<\/a><\/div>\n<\/div>\n<\/div>\n<\/div>\n<\/div>\n<\/div>\n\n<p><\/p>\n\n<p><\/p>\n\n<div class=\"wp-block-media-text alignwide is-stacked-on-mobile\"><figure class=\"wp-block-media-text__media\"><img decoding=\"async\" src=\"https:\/\/pacovelez.eu\/wp-content\/uploads\/2015\/08\/Alhambra.jpg\" alt=\"Alhambra Granada\" class=\"wp-image-1671 size-full\"\/><\/figure><div class=\"wp-block-media-text__content\">\n<p class=\"has-normal-font-size\">\u00a1M\u00e1s casas hermosas aparecer\u00e1n aqu\u00ed pronto!<\/p>\n<\/div><\/div>\n","protected":false},"excerpt":{"rendered":"<p>Preselecci\u00f3n \u00fanica en su b\u00fasqueda de (2\u00aa) casa en Espa\u00f1a (Andaluc\u00eda) \u00bfQuiere ahorrar tiempo y dinero en su b\u00fasqueda de una (segunda) casa? \u00a1Tenemos la soluci\u00f3n! Con las gafas puestas, visitaremos las casas que hayas seleccionado previamente. \u00a1Con nuestro conocimiento y contactos, nos aseguramos de que solo queden de su selecci\u00f3n aquellas casas que realmente [&hellip;]<\/p>\n","protected":false},"author":1,"featured_media":0,"parent":0,"menu_order":0,"comment_status":"closed","ping_status":"closed","template":"","meta":{"_acf_changed":false,"_et_pb_use_builder":"off","_et_pb_old_content":"","_et_gb_content_width":"","footnotes":""},"class_list":["post-800026","page","type-page","status-publish","hentry"],"acf":[],"_links":{"self":[{"href":"https:\/\/pacovelez.eu\/es\/wp-json\/wp\/v2\/pages\/800026","targetHints":{"allow":["GET"]}}],"collection":[{"href":"https:\/\/pacovelez.eu\/es\/wp-json\/wp\/v2\/pages"}],"about":[{"href":"https:\/\/pacovelez.eu\/es\/wp-json\/wp\/v2\/types\/page"}],"author":[{"embeddable":true,"href":"https:\/\/pacovelez.eu\/es\/wp-json\/wp\/v2\/users\/1"}],"replies":[{"embeddable":true,"href":"https:\/\/pacovelez.eu\/es\/wp-json\/wp\/v2\/comments?post=800026"}],"version-history":[{"count":0,"href":"https:\/\/pacovelez.eu\/es\/wp-json\/wp\/v2\/pages\/800026\/revisions"}],"wp:attachment":[{"href":"https:\/\/pacovelez.eu\/es\/wp-json\/wp\/v2\/media?parent=800026"}],"curies":[{"name":"wp","href":"https:\/\/api.w.org\/{rel}","templated":true}]}}