{"id":4796,"date":"2020-06-08T19:58:29","date_gmt":"2020-06-08T19:58:29","guid":{"rendered":"https:\/\/pacovelez.eu\/overig\/mi-casita\/"},"modified":"2020-06-08T19:58:29","modified_gmt":"2020-06-08T19:58:29","slug":"mi-casita","status":"publish","type":"page","link":"https:\/\/pacovelez.eu\/es\/mi-casita\/","title":{"rendered":"Mi Casita"},"content":{"rendered":"<p>Esta moderna casa con hermosas vistas se encuentra en el adyacente V\u00e9lez Blanco. Totalmente equipado y, por supuesto, muchos lugares maravillosos para disfrutar para un total de 9 personas. En la planta baja encontrar\u00e1 una gran sala de estar y una gran cocina abierta con un peque\u00f1o lavadero. El dormitorio principal tambi\u00e9n est\u00e1 abajo con un ba\u00f1o y un dormitorio para 1 persona. Arriba, 3 dormitorios m\u00e1s y un ba\u00f1o.<\/p>\n<p>Afuera hay un hermoso jard\u00edn con viejos olivos, almendros y muchos otros \u00e1rboles frutales. En la piscina, un encantador lugar para comer o desayunar por la ma\u00f1ana. Mi Casita se puede alquilar a partir de 3 noches y cuesta 200 \u20ac por noche. Las fotos dicen suficiente &#8230; m\u00e1s informaci\u00f3n a trav\u00e9s de <a href=\"mailto:info@casapaco.eu\">info@casapaco.eu<\/a><\/p>\n<p>Mi Casita est\u00e1 registrada en la Junta de Andaluc\u00eda con el n\u00famero VTAR \/ AL \/ 00718<\/p>\n\n","protected":false},"excerpt":{"rendered":"<p>Esta moderna casa con hermosas vistas se encuentra en el adyacente V\u00e9lez Blanco. Totalmente equipado y, por supuesto, muchos lugares maravillosos para disfrutar para un total de 9 personas. En la planta baja encontrar\u00e1 una gran sala de estar y una gran cocina abierta con un peque\u00f1o lavadero. El dormitorio principal tambi\u00e9n est\u00e1 abajo con [&hellip;]<\/p>\n","protected":false},"author":1,"featured_media":4724,"parent":0,"menu_order":1,"comment_status":"closed","ping_status":"closed","template":"","meta":{"_acf_changed":false,"_et_pb_use_builder":"","_et_pb_old_content":"","_et_gb_content_width":"","footnotes":""},"class_list":["post-4796","page","type-page","status-publish","has-post-thumbnail","hentry"],"acf":[],"_links":{"self":[{"href":"https:\/\/pacovelez.eu\/es\/wp-json\/wp\/v2\/pages\/4796","targetHints":{"allow":["GET"]}}],"collection":[{"href":"https:\/\/pacovelez.eu\/es\/wp-json\/wp\/v2\/pages"}],"about":[{"href":"https:\/\/pacovelez.eu\/es\/wp-json\/wp\/v2\/types\/page"}],"author":[{"embeddable":true,"href":"https:\/\/pacovelez.eu\/es\/wp-json\/wp\/v2\/users\/1"}],"replies":[{"embeddable":true,"href":"https:\/\/pacovelez.eu\/es\/wp-json\/wp\/v2\/comments?post=4796"}],"version-history":[{"count":0,"href":"https:\/\/pacovelez.eu\/es\/wp-json\/wp\/v2\/pages\/4796\/revisions"}],"wp:featuredmedia":[{"embeddable":true,"href":"https:\/\/pacovelez.eu\/es\/wp-json\/wp\/v2\/media\/4724"}],"wp:attachment":[{"href":"https:\/\/pacovelez.eu\/es\/wp-json\/wp\/v2\/media?parent=4796"}],"curies":[{"name":"wp","href":"https:\/\/api.w.org\/{rel}","templated":true}]}}