{"id":4508,"date":"2015-08-29T15:36:42","date_gmt":"2015-08-29T15:36:42","guid":{"rendered":"https:\/\/pacovelez.eu\/waterpark\/"},"modified":"2020-04-25T11:50:05","modified_gmt":"2020-04-25T11:50:05","slug":"waterpark","status":"publish","type":"page","link":"https:\/\/pacovelez.eu\/es\/waterpark\/","title":{"rendered":"Parque acu\u00e1tico"},"content":{"rendered":"[et_pb_section bb_built=\u00bb1&#8243; inner_width=\u00bbauto\u00bb inner_max_width=\u00bb1200px\u00bb next_background_color=\u00bb#000000&#8243;][et_pb_row][et_pb_column type=\u00bb4_4&#8243;][et_pb_text admin_label=\u00bbWaterpark\u00bb _builder_version=\u00bb3.0.100&#8243; background_layout=\u00bblight\u00bb]\n<header class=\"entry-header\">\n<h1 class=\"entry-title\">Parque acu\u00e1tico<\/h1>\n<\/header>\n[\/et_pb_text][et_pb_divider _builder_version=\u00bb3.0.100&#8243; show_divider=\u00bbon\u00bb height=\u00bb5px\u00bb color=\u00bb#d6d6d6&#8243; saved_tabs=\u00bball\u00bb \/][\/et_pb_column][\/et_pb_row][et_pb_row][et_pb_column type=\u00bb2_3&#8243;][et_pb_text admin_label=\u00bbOveral in de omgeving van Casa Paco \u00bb _builder_version=\u00bb3.0.100&#8243; background_layout=\u00bblight\u00bb]\n<p>En cualquier lugar de los alrededores de Casa Paco puedes refrescarte. Si no es en la piscina de la propia Casa Paco, es posible en la gran piscina municipal de V\u00e9lez Rubio. Aqu\u00ed encontrar\u00e1 una gran piscina de 20 x 50 metros y varias piscinas para beb\u00e9s y ni\u00f1os, incluyendo equipos de juego y toboganes. Para los ni\u00f1os m\u00e1s aventureros hay un gran parque acu\u00e1tico en la cercana Vera. Aqu\u00ed hay toboganes de hasta 60 metros y varias piscinas encantadoras.<\/p>\n[\/et_pb_text][\/et_pb_column][et_pb_column type=\u00bb1_3&#8243;][et_pb_video _builder_version=\u00bb3.24&#8243; src=\u00bbhttps:\/\/youtu.be\/51UguZzTXPo\u00bb saved_tabs=\u00bball\u00bb box_shadow_horizontal_tablet=\u00bb0px\u00bb box_shadow_vertical_tablet=\u00bb0px\u00bb box_shadow_blur_tablet=\u00bb40px\u00bb box_shadow_spread_tablet=\u00bb0px\u00bb z_index_tablet=\u00bb500&#8243; global_module=\u00bb3440&#8243; \/][et_pb_button admin_label=\u00bbKnop Contact opnemen\u00bb _builder_version=\u00bb3.0.100&#8243; button_text=\u00bbContactar\u00bb button_url=\u00bb#open-overlay\u00bb url_new_window=\u00bboff\u00bb background_layout=\u00bbdark\u00bb custom_button=\u00bbon\u00bb button_icon_placement=\u00bbright\u00bb module_id=\u00bboverlay_unique_id_2947&#8243; button_alignment=\u00bbcenter\u00bb button_text_color=\u00bb#ffffff\u00bb button_bg_color=\u00bb#2ea3f2&#8243; button_border_width=\u00bb0&#8243; button_border_radius=\u00bb8&#8243; button_icon_color=\u00bb#ffffff\u00bb button_text_color_hover=\u00bb#ffffff\u00bb button_bg_color_hover=\u00bb#ef8200&#8243; button_border_radius_hover=\u00bb8&#8243; button_letter_spacing_hover=\u00bb1&#8243; saved_tabs=\u00bball\u00bb global_module=\u00bb2962&#8243; \/][\/et_pb_column][\/et_pb_row][et_pb_row][et_pb_column type=\u00bb1_4&#8243;][et_pb_image _builder_version=\u00bb3.1.1&#8243; src=\u00bbhttps:\/\/pacovelez.eu\/wp-content\/uploads\/2017\/04\/IMG_0685.jpg\u00bb show_in_lightbox=\u00bbon\u00bb align_last_edited=\u00bbon|desktop\u00bb align_tablet=\u00bbcenter\u00bb \/][\/et_pb_column][et_pb_column type=\u00bb1_4&#8243;][et_pb_image _builder_version=\u00bb3.1.1&#8243; src=\u00bbhttps:\/\/pacovelez.eu\/wp-content\/uploads\/2016\/01\/IMG_0676.jpg\u00bb show_in_lightbox=\u00bbon\u00bb align_last_edited=\u00bbon|desktop\u00bb align_tablet=\u00bbcenter\u00bb \/][\/et_pb_column][et_pb_column type=\u00bb1_4&#8243;][et_pb_image _builder_version=\u00bb3.1.1&#8243; src=\u00bbhttps:\/\/pacovelez.eu\/wp-content\/uploads\/2015\/08\/Zwembad_Velez_Rubio_1.jpg\u00bb show_in_lightbox=\u00bbon\u00bb align_last_edited=\u00bbon|desktop\u00bb align_tablet=\u00bbcenter\u00bb \/][\/et_pb_column][et_pb_column type=\u00bb1_4&#8243;][et_pb_image _builder_version=\u00bb3.1.1&#8243; src=\u00bbhttps:\/\/pacovelez.eu\/wp-content\/uploads\/2015\/08\/Zwembad_Velez_Rubio1.jpg\u00bb show_in_lightbox=\u00bbon\u00bb align_last_edited=\u00bbon|desktop\u00bb align_tablet=\u00bbcenter\u00bb \/][\/et_pb_column][\/et_pb_row][\/et_pb_section][et_pb_section bb_built=\u00bb1&#8243; _builder_version=\u00bb3.3.1&#8243; global_module=\u00bb3059&#8243; prev_background_color=\u00bb#000000&#8243;][et_pb_row global_parent=\u00bb3059&#8243;][et_pb_column type=\u00bb3_4&#8243;][et_pb_testimonial global_parent=\u00bb3059&#8243; _builder_version=\u00bb3.3.1&#8243; quote_icon_background_color=\u00bb#ffffff\u00bb author=\u00bbPascal &amp;amp; Corina\u00bb company_name=\u00bbCasa Paco\u00bb portrait_url=\u00bbhttps:\/\/pacovelez.eu\/wp-content\/uploads\/2015\/11\/IMG_3547.jpg\u00bb url=\u00bbhttps:\/\/pacovelez.eu\/contact\/\u00bb quote_icon_color=\u00bb#2ea3f2&#8243;]\n<p><strong>Overig<\/strong><\/p>\n<ul>\n<li>Beoordeeld door <a href=\"http:\/\/www.zoover.nl\/spanje\/andalusie-costa-del-sol-de-la-luz\/velez-rubio\/casa-paco\/bed-and-breakfast\" target=\"_blank\" rel=\"noopener\">211\u00a0gasten en een 9.6\u00a0gemiddeld op Zoover Vakantiebeoordelingen!<\/a><\/li>\n<li>Volg Casa Paco ook via Twitter (#CasaPaco),\u00a0Facebook of Instagram (casapaco.eu)<\/li>\n<li>Nu ook <a href=\"http:\/\/www.tripadvisor.com\/Hotel_Review-g1549081-d3657373-Reviews-Luxe_Bed_Breakfast_Casa_Paco-Velez_Rubio_Province_of_Almeria_Andalucia.html\" target=\"_blank\" rel=\"noopener\">gastenbeoordelingen op TripAdvisor<\/a><\/li>\n<li>Video over de<a href=\"https:\/\/www.youtube.com\/watch?v=3gtalr8HCKM\" target=\"_blank\" rel=\"noopener\"> sport Padel\u00a0<\/a><\/li>\n<li>Like ons ook via <a href=\"https:\/\/www.facebook.com\/pages\/Luxe-Bed-Breakfast-Casa-Paco-Andalusie\/344833805546861?ref=hl\" target=\"_blank\" rel=\"noopener\">Facebook\u00a0<\/a><\/li>\n<li>Nieuwste <a href=\"https:\/\/www.youtube.com\/watch?v=Pg30DlWBN-k\" target=\"_blank\" rel=\"noopener\">video van luxe bed &amp; breakfast Casa Paco \u00a0<\/a><\/li>\n<li>De fotogalerij op onze <a href=\"https:\/\/www.youtube.com\/watch?v=Pg30DlWBN-k\" target=\"_blank\" rel=\"noopener\">website is weer aangevuld met veel nieuwe foto&#8217;s<\/a>&#8230;.zie je je zelf?<\/li>\n<\/ul>\n[\/et_pb_testimonial][\/et_pb_column][et_pb_column type=\u00bb1_4&#8243;][et_pb_sidebar global_parent=\u00bb3059&#8243; _builder_version=\u00bb3.3.1&#8243; area=\u00bbet_pb_widget_area_1&#8243; \/][\/et_pb_column][\/et_pb_row][\/et_pb_section]\n","protected":false},"excerpt":{"rendered":"<p>En todas partes alrededor de Casa Paco <\/p>\n","protected":false},"author":1,"featured_media":0,"parent":0,"menu_order":0,"comment_status":"closed","ping_status":"closed","template":"","meta":{"_acf_changed":false,"_et_pb_use_builder":"on","_et_pb_old_content":"<p>Overal in de omgeving van Casa Paco kunt u verkoeling zoeken. Is het niet bij het zwembad van Casa Paco zelf, dan kan het wel bij het grote gemeentezwembad van Velez Rubio. Hier vindt u een groot zwembad van 20 x 50 meter en nog eens diverse baby- en kinderbaden, inclusief speeltoestellen en\u00a0glijbanen.<\/p>","_et_gb_content_width":"","footnotes":""},"class_list":["post-4508","page","type-page","status-publish","hentry"],"acf":[],"_links":{"self":[{"href":"https:\/\/pacovelez.eu\/es\/wp-json\/wp\/v2\/pages\/4508","targetHints":{"allow":["GET"]}}],"collection":[{"href":"https:\/\/pacovelez.eu\/es\/wp-json\/wp\/v2\/pages"}],"about":[{"href":"https:\/\/pacovelez.eu\/es\/wp-json\/wp\/v2\/types\/page"}],"author":[{"embeddable":true,"href":"https:\/\/pacovelez.eu\/es\/wp-json\/wp\/v2\/users\/1"}],"replies":[{"embeddable":true,"href":"https:\/\/pacovelez.eu\/es\/wp-json\/wp\/v2\/comments?post=4508"}],"version-history":[{"count":0,"href":"https:\/\/pacovelez.eu\/es\/wp-json\/wp\/v2\/pages\/4508\/revisions"}],"wp:attachment":[{"href":"https:\/\/pacovelez.eu\/es\/wp-json\/wp\/v2\/media?parent=4508"}],"curies":[{"name":"wp","href":"https:\/\/api.w.org\/{rel}","templated":true}]}}