{"id":4493,"date":"2015-08-29T15:33:51","date_gmt":"2015-08-29T15:33:51","guid":{"rendered":"https:\/\/pacovelez.eu\/wandeltochten\/"},"modified":"2020-04-25T11:38:03","modified_gmt":"2020-04-25T11:38:03","slug":"wandeltochten","status":"publish","type":"page","link":"https:\/\/pacovelez.eu\/es\/wandeltochten\/","title":{"rendered":"Rutas de senderismo"},"content":{"rendered":"[et_pb_section bb_built=\u00bb1&#8243;][et_pb_row][et_pb_column type=\u00bb4_4&#8243;][et_pb_text admin_label=\u00bbWandeltochten\u00bb _builder_version=\u00bb3.0.100&#8243; background_layout=\u00bblight\u00bb]\n<h2>Rutas de senderismo<\/h2>\n[\/et_pb_text][et_pb_divider _builder_version=\u00bb3.0.100&#8243; show_divider=\u00bbon\u00bb height=\u00bb5px\u00bb color=\u00bb#d6d6d6&#8243; saved_tabs=\u00bball\u00bb \/][\/et_pb_column][\/et_pb_row][et_pb_row][et_pb_column type=\u00bb2_3&#8243;][et_pb_text admin_label=\u00bbIn de omgeving kunnen \u00bb _builder_version=\u00bb3.0.100&#8243; background_layout=\u00bblight\u00bb]\n<p>En los alrededores se pueden hacer hermosas caminatas. Desde Casa Paco se pueden hacer varios paseos con Casa Paco como punto de partida y de llegada. Tambi\u00e9n es hermoso el senderismo en el cercano parque natural de la Sierra de Mar\u00eda, donde hay varios senderos GR. Las caminatas son adecuadas para principiantes y avanzados y var\u00edan entre 1,5 y 8 horas. Las diferentes rutas de senderismo est\u00e1n disponibles gratuitamente en Casa Paco.<\/p>\n<p>Casa Paco tambi\u00e9n tiene un GPS, con el que se puede buscar uno de los muchos geocach\u00e9s. Puedes alquilar el GPS por 7,50 euros al d\u00eda. Esto te llevar\u00e1 a los lugares m\u00e1s bellos de la zona y por supuesto seguir\u00e1 siendo emocionante encontrar uno de estos escondites.<\/p>\n[\/et_pb_text][\/et_pb_column][et_pb_column type=\u00bb1_3&#8243;][et_pb_image _builder_version=\u00bb3.0.100&#8243; src=\u00bbhttps:\/\/pacovelez.eu\/wp-content\/uploads\/2015\/10\/IMG_4893.jpg\u00bb show_in_lightbox=\u00bboff\u00bb url_new_window=\u00bboff\u00bb use_overlay=\u00bboff\u00bb always_center_on_mobile=\u00bbon\u00bb force_fullwidth=\u00bboff\u00bb show_bottom_space=\u00bbon\u00bb \/][\/et_pb_column][\/et_pb_row][et_pb_row][et_pb_column type=\u00bb1_4&#8243;][et_pb_image _builder_version=\u00bb3.1.1&#8243; src=\u00bbhttps:\/\/pacovelez.eu\/wp-content\/uploads\/2015\/08\/Omgevingsfoto_1.jpg\u00bb show_in_lightbox=\u00bbon\u00bb \/][\/et_pb_column][et_pb_column type=\u00bb1_4&#8243;][et_pb_image _builder_version=\u00bb3.1.1&#8243; src=\u00bbhttps:\/\/pacovelez.eu\/wp-content\/uploads\/2015\/08\/Wandelen_1.jpg\u00bb show_in_lightbox=\u00bbon\u00bb \/][\/et_pb_column][et_pb_column type=\u00bb1_4&#8243;][et_pb_image _builder_version=\u00bb3.1.1&#8243; src=\u00bbhttps:\/\/pacovelez.eu\/wp-content\/uploads\/2017\/04\/DSC2982-1.jpg\u00bb show_in_lightbox=\u00bbon\u00bb \/][\/et_pb_column][et_pb_column type=\u00bb1_4&#8243;][et_pb_image _builder_version=\u00bb3.1.1&#8243; src=\u00bbhttps:\/\/pacovelez.eu\/wp-content\/uploads\/2015\/09\/DSC7060.jpg\u00bb show_in_lightbox=\u00bbon\u00bb \/][\/et_pb_column][\/et_pb_row][\/et_pb_section]\n","protected":false},"excerpt":{"rendered":"<p>Las caminatas son adecuadas para principiantes y avanzados y var\u00edan entre 1,5 y 8 horas. Las diferentes rutas de senderismo est\u00e1n disponibles gratuitamente en Casa Paco.<\/p>\n","protected":false},"author":1,"featured_media":0,"parent":0,"menu_order":0,"comment_status":"closed","ping_status":"closed","template":"","meta":{"_acf_changed":false,"_et_pb_use_builder":"on","_et_pb_old_content":"<p>[gallery link=\"none\" ids=\"291,290\"]<\/p><p>In de omgeving kunnen mooie wandeltochten gemaakt worden. U kunt vanuit Casa Paco diverse wandeltochten maken met Casa Paco als begin- en eindpunt. Ook is het prachtig wandelen in het nabij gelegen natuurpark Sierra de Maria waar er een aantal GR routes zijn uitgezet. De wandeltochten zijn geschikt voor beginners en gevorderden en varieeren van 1,5 uur tot 8 uur. De verschillende wandelroutes zijn gratis verkrijgbaar bij Casa Paco.<\/p><p>[gallery columns=\"2\" ids=\"440\"]<\/p><p>[gallery link=\"none\" ids=\"292,293\"]<\/p><p>Casa Paco beschikt ook over een GPS, waarmee u op pad kan voor het zoeken naar 1 van de vele geocaches. De GPS huurt u voor \u20ac 7,50 per dag. U komt hiermee op de meest mooie plekjes in de omgeving en het blijft natuurlijk spannend om 1 van deze verstopte caches op te sporen.<\/p><p>\u00a0<\/p>","_et_gb_content_width":"","footnotes":""},"class_list":["post-4493","page","type-page","status-publish","hentry"],"acf":[],"_links":{"self":[{"href":"https:\/\/pacovelez.eu\/es\/wp-json\/wp\/v2\/pages\/4493","targetHints":{"allow":["GET"]}}],"collection":[{"href":"https:\/\/pacovelez.eu\/es\/wp-json\/wp\/v2\/pages"}],"about":[{"href":"https:\/\/pacovelez.eu\/es\/wp-json\/wp\/v2\/types\/page"}],"author":[{"embeddable":true,"href":"https:\/\/pacovelez.eu\/es\/wp-json\/wp\/v2\/users\/1"}],"replies":[{"embeddable":true,"href":"https:\/\/pacovelez.eu\/es\/wp-json\/wp\/v2\/comments?post=4493"}],"version-history":[{"count":0,"href":"https:\/\/pacovelez.eu\/es\/wp-json\/wp\/v2\/pages\/4493\/revisions"}],"wp:attachment":[{"href":"https:\/\/pacovelez.eu\/es\/wp-json\/wp\/v2\/media?parent=4493"}],"curies":[{"name":"wp","href":"https:\/\/api.w.org\/{rel}","templated":true}]}}