{"id":4475,"date":"2015-08-29T15:34:17","date_gmt":"2015-08-29T15:34:17","guid":{"rendered":"https:\/\/pacovelez.eu\/strand\/"},"modified":"2020-04-25T11:32:40","modified_gmt":"2020-04-25T11:32:40","slug":"strand","status":"publish","type":"page","link":"https:\/\/pacovelez.eu\/es\/strand\/","title":{"rendered":"La playa"},"content":{"rendered":"[et_pb_section bb_built=\u00bb1&#8243;][et_pb_row][et_pb_column type=\u00bb4_4&#8243;][et_pb_text admin_label=\u00bbStrand\u00bb _builder_version=\u00bb3.0.100&#8243; background_layout=\u00bblight\u00bb]\n<h1 class=\"entry-title\">La playa<\/h1>\n[\/et_pb_text][et_pb_divider _builder_version=\u00bb3.0.100&#8243; show_divider=\u00bbon\u00bb height=\u00bb5px\u00bb color=\u00bb#d6d6d6&#8243; saved_tabs=\u00bball\u00bb \/][\/et_pb_column][\/et_pb_row][et_pb_row][et_pb_column type=\u00bb2_3&#8243;][et_pb_text admin_label=\u00bbOp 45 minuten rijden\u00bb _builder_version=\u00bb3.0.100&#8243; background_layout=\u00bblight\u00bb]\n<p>Las playas de Moj\u00e1car, Garrucha y \u00c1guilas est\u00e1n a 45 minutos en coche. Hay algo para todos aqu\u00ed.<\/p>\n<p>Moj\u00e1car es sin duda uno de los lugares m\u00e1s tur\u00edsticos de la Costa de Almer\u00eda. Se puede ver el pueblo con sus blancas casas moras desde lejos, en la cima de una colina que da al mar Mediterr\u00e1neo. En Moj\u00e1car encontrar\u00e1s las tiendas de campa\u00f1a con bonitas camas de playa y sombrillas. Una de nuestras favoritas es la de Lola.<\/p>\n<p>Si buscas algo un poco m\u00e1s tranquilo, ve a Garrucha, con un peque\u00f1o puerto de pesca y restaurantes de pescado. Aqu\u00ed se pescan los grandes langostinos rojos, uno de los platos m\u00e1s espectaculares de la cocina andaluza.<\/p>\n<p>En \u00c1guilas puedes permitirte bucear.<\/p>\n[\/et_pb_text][\/et_pb_column][et_pb_column type=\u00bb1_3&#8243;][\/et_pb_column][\/et_pb_row][\/et_pb_section]\n","protected":false},"excerpt":{"rendered":"<p>Las playas de Moj\u00e1car, Garrucha y \u00c1guilas est\u00e1n a 45 minutos en coche. Hay algo para todos aqu\u00ed.<\/p>\n","protected":false},"author":1,"featured_media":0,"parent":0,"menu_order":0,"comment_status":"closed","ping_status":"closed","template":"","meta":{"_acf_changed":false,"_et_pb_use_builder":"on","_et_pb_old_content":"<p>Op 45 minuten rijden vindt U de stranden van Moj\u00e1car, Garrucha en Aguilas. Hier is voor ieder wat wils te beleven.<\/p><p>Moj\u00e1car is ongetwijfeld een van de meest toeristische plekken langs de Costa Almer\u00eda. Je ziet het dorp met zijn witte Moorse huizen al van ver liggen, bovenop een heuvel die overweldigend uitkijkt over de Middellandse Zee. In Moj\u00e1car vindt U de loungetenten met lekkere strandbedden en parasols. Een van onze favorieten daar\u00a0is Lola's.<\/p><p>Als je het wat rustiger zoekt, ga dan naar Garrucha, met een kleine vissers- en jachthaven en visrestaurantjes. Hier worden de grote rode gamba's gevangen, een van de spectaculairste gerechten uit de Andalusische keuken.<\/p><p>In Aguilas kunt U\u00a0uw hart ophalen v.w.b. het duiken.<\/p>","_et_gb_content_width":"","footnotes":""},"class_list":["post-4475","page","type-page","status-publish","hentry"],"acf":[],"_links":{"self":[{"href":"https:\/\/pacovelez.eu\/es\/wp-json\/wp\/v2\/pages\/4475","targetHints":{"allow":["GET"]}}],"collection":[{"href":"https:\/\/pacovelez.eu\/es\/wp-json\/wp\/v2\/pages"}],"about":[{"href":"https:\/\/pacovelez.eu\/es\/wp-json\/wp\/v2\/types\/page"}],"author":[{"embeddable":true,"href":"https:\/\/pacovelez.eu\/es\/wp-json\/wp\/v2\/users\/1"}],"replies":[{"embeddable":true,"href":"https:\/\/pacovelez.eu\/es\/wp-json\/wp\/v2\/comments?post=4475"}],"version-history":[{"count":0,"href":"https:\/\/pacovelez.eu\/es\/wp-json\/wp\/v2\/pages\/4475\/revisions"}],"wp:attachment":[{"href":"https:\/\/pacovelez.eu\/es\/wp-json\/wp\/v2\/media?parent=4475"}],"curies":[{"name":"wp","href":"https:\/\/api.w.org\/{rel}","templated":true}]}}