{"id":4408,"date":"2015-08-29T15:34:57","date_gmt":"2015-08-29T15:34:57","guid":{"rendered":"https:\/\/pacovelez.eu\/gabo-de-gata\/"},"modified":"2020-04-25T09:57:48","modified_gmt":"2020-04-25T09:57:48","slug":"gabo-de-gata","status":"publish","type":"page","link":"https:\/\/pacovelez.eu\/es\/gabo-de-gata\/","title":{"rendered":"Gabo de Gata"},"content":{"rendered":"[et_pb_section fb_built=\u00bb1&#8243; _builder_version=\u00bb3.22&#8243;][et_pb_row _builder_version=\u00bb3.25&#8243; background_size=\u00bbinitial\u00bb background_position=\u00bbtop_left\u00bb background_repeat=\u00bbrepeat\u00bb][et_pb_column type=\u00bb4_4&#8243; _builder_version=\u00bb3.25&#8243; custom_padding=\u00bb|||\u00bb custom_padding__hover=\u00bb|||\u00bb][et_pb_text admin_label=\u00bbGabo de Gata\u00bb _builder_version=\u00bb3.27.4&#8243;]\n<h1>Gabo de Gata<\/h1>\n[\/et_pb_text][et_pb_divider show_divider=\u00bboff\u00bb _builder_version=\u00bb3.2&#8243; height=\u00bb5px\u00bb saved_tabs=\u00bball\u00bb][\/et_pb_divider][\/et_pb_column][\/et_pb_row][et_pb_row column_structure=\u00bb2_3,1_3&#8243; _builder_version=\u00bb3.25&#8243; background_size=\u00bbinitial\u00bb background_position=\u00bbtop_left\u00bb background_repeat=\u00bbrepeat\u00bb][et_pb_column type=\u00bb2_3&#8243; _builder_version=\u00bb3.25&#8243; custom_padding=\u00bb|||\u00bb custom_padding__hover=\u00bb|||\u00bb][et_pb_text admin_label=\u00bbHet natuurpark Cabo de Gata-N\u00edjar \u00bb _builder_version=\u00bb3.27.4&#8243;]Het natuurpark Cabo de Gata-N\u00edjar strekt zich uit langs beide zijden van een landtong. De natuur in dit gebied is van vulkanische oorsprong en is uiterst ruig, maar met kliffen, baaien, rotsformaties, droge rivierbeddingen en zoutpannen. Een goede start om het park van 45.000 hectare te bezoeken, is het bezoekerscentrum in Retamar.<\/p>\n<p>Even verderop bij het vissersdorpje San Miguel biedt zich al de eerste attractie aan, de lagunes van Las Salinas de Cabo de Gata, een broedplaats van flamingo&#8217;s en vele andere vogelsoorten. Vandaar gaat een weg vol haarspeldbochten naar de vuurtoren van de kaap, met de spectaculaire rif der zeemeerminnen die als een puntige rots uit het water rijst.<\/p>\n<p>Vanaf de kaap loopt de kustlijn van het park nog 40 km noordwaarts. Het oude vissersdorpje San Jos\u00e9, tegen een steile rots opgebouwd, is nu een paradijs voor watersporters.<\/p>\n<p>Voor je San Jos\u00e9 bereikt, kom je langs een onverharde weg die naar een van de mooiste plekjes van het natuurpark leidt, de stranden van Playa de los Genoveses en Playa M\u00f3nsul, met indrukwekkende duinen en grote rotsen in allerlei vormen. Voorbij San Jos\u00e9 is Los Escullos nog zo&#8217;n mooie plek met een kasteel en een strand met grillige rotsen.<br \/>\n[\/et_pb_text][\/et_pb_column][et_pb_column type=\u00bb1_3&#8243; _builder_version=\u00bb3.25&#8243; custom_padding=\u00bb|||\u00bb custom_padding__hover=\u00bb|||\u00bb][\/et_pb_column][\/et_pb_row][\/et_pb_section]\n","protected":false},"excerpt":{"rendered":"<p>El Parque Natural de Cabo de Gata-N\u00edjar se extiende a ambos lados de una lengua de tierra. La naturaleza de esta zona es de origen volc\u00e1nico y es extremadamente escarpada, pero con acantilados, bah\u00edas, formaciones rocosas, lechos de r\u00edos secos y salinas.<\/p>\n","protected":false},"author":1,"featured_media":0,"parent":0,"menu_order":0,"comment_status":"closed","ping_status":"closed","template":"","meta":{"_acf_changed":false,"_et_pb_use_builder":"on","_et_pb_old_content":"<p>Het natuurpark Cabo de Gata-N\u00edjar strekt zich uit langs beide zijden van een landtong. De natuur in dit gebied is van vulkanische oorsprong en is uiterst ruig, maar met kliffen, baaien, rotsformaties, droge rivierbeddingen en zoutpannen. Een goede start om het park van 45.000 hectare te bezoeken, is het bezoekerscentrum in Retamar.<\/p><p>Even verderop bij het vissersdorpje San Miguel biedt zich al de eerste attractie aan, de lagunes van Las Salinas de Cabo de Gata, een broedplaats van flamingo's en vele andere vogelsoorten. Vandaar gaat een weg vol haarspeldbochten naar de vuurtoren van de kaap, met de spectaculaire rif der zeemeerminnen die als een puntige rots uit het water rijst.<\/p><p>Vanaf de kaap loopt de kustlijn van het park nog 40 km noordwaarts. Het oude vissersdorpje San Jos\u00e9, tegen een steile rots opgebouwd, is nu een paradijs voor watersporters.<\/p><p>Voor je San Jos\u00e9 bereikt, kom je langs een onverharde weg die naar een van de mooiste plekjes van het natuurpark leidt, de stranden van Playa de los Genoveses en Playa M\u00f3nsul, met indrukwekkende duinen en grote rotsen in allerlei vormen. Voorbij San Jos\u00e9 is Los Escullos nog zo'n mooie plek met een kasteel en een strand met grillige rotsen.<\/p>","_et_gb_content_width":"","footnotes":""},"class_list":["post-4408","page","type-page","status-publish","hentry"],"acf":[],"_links":{"self":[{"href":"https:\/\/pacovelez.eu\/es\/wp-json\/wp\/v2\/pages\/4408","targetHints":{"allow":["GET"]}}],"collection":[{"href":"https:\/\/pacovelez.eu\/es\/wp-json\/wp\/v2\/pages"}],"about":[{"href":"https:\/\/pacovelez.eu\/es\/wp-json\/wp\/v2\/types\/page"}],"author":[{"embeddable":true,"href":"https:\/\/pacovelez.eu\/es\/wp-json\/wp\/v2\/users\/1"}],"replies":[{"embeddable":true,"href":"https:\/\/pacovelez.eu\/es\/wp-json\/wp\/v2\/comments?post=4408"}],"version-history":[{"count":0,"href":"https:\/\/pacovelez.eu\/es\/wp-json\/wp\/v2\/pages\/4408\/revisions"}],"wp:attachment":[{"href":"https:\/\/pacovelez.eu\/es\/wp-json\/wp\/v2\/media?parent=4408"}],"curies":[{"name":"wp","href":"https:\/\/api.w.org\/{rel}","templated":true}]}}