{"id":4071,"date":"2019-05-20T14:13:27","date_gmt":"2019-05-20T14:13:27","guid":{"rendered":"https:\/\/pacovelez.eu\/casa-arturo\/"},"modified":"2021-03-01T19:51:16","modified_gmt":"2021-03-01T19:51:16","slug":"casa-arturo","status":"publish","type":"page","link":"https:\/\/pacovelez.eu\/es\/casa-arturo\/","title":{"rendered":"Casa Rural Casa Arturo"},"content":{"rendered":"<p>Desde hace algunos a\u00f1os, cada vez m\u00e1s holandeses y belgas descubren la regi\u00f3n de V\u00e9lez Rubio. Los propietarios belgas nos han pedido que ofrezcamos su hermosa casa en alquiler &#8230; \u00a1adjunto!<\/p>\n<p><img decoding=\"async\" class=\"size-medium wp-image-5094 aligncenter\" src=\"https:\/\/pacovelez.eu\/wp-content\/uploads\/2021\/01\/IMG_6690-300x225.jpg\" alt=\"\" width=\"300\" height=\"225\" \/><\/p>\n<p>Casa Arturo es una antigua casa de campo, ubicada a 300 metros de Casa Paco, con una hermosa piscina (climatizada) de no menos de 11 por 5 metros. Cuando los propietarios no est\u00e1n, puedes alquilar una parte de la casa en exclusiva (siempre eres el \u00fanico inquilino). La parte que se alquila consta de un apartamento de 2 dormitorios, 2 ba\u00f1os, aseo independiente y sal\u00f3n \/ cocina. El primer dormitorio tiene una cama doble con una litera para 1 persona encima, adem\u00e1s, se puede colocar una cama extra. El segundo dormitorio tiene solo una cama doble. Ambos dormitorios tienen ba\u00f1o privado.<\/p>\n\n<p>Adem\u00e1s del apartamento en la planta baja, la casa tambi\u00e9n tiene un piso superior, que consta de dos habitaciones dobles y un ba\u00f1o compartido. Se puede llegar al piso superior a trav\u00e9s de una entrada privada (exterior). El n\u00famero de habitaciones disponibles que est\u00e1 a su disposici\u00f3n depende del n\u00famero de personas para las que reserve.<\/p>\n\n\t\t<style type=\"text\/css\">\n\t\t\t#gallery-2 {\n\t\t\t\tmargin: auto;\n\t\t\t}\n\t\t\t#gallery-2 .gallery-item {\n\t\t\t\tfloat: left;\n\t\t\t\tmargin-top: 10px;\n\t\t\t\ttext-align: center;\n\t\t\t\twidth: 50%;\n\t\t\t}\n\t\t\t#gallery-2 img {\n\t\t\t\tborder: 2px solid #cfcfcf;\n\t\t\t}\n\t\t\t#gallery-2 .gallery-caption {\n\t\t\t\tmargin-left: 0;\n\t\t\t}\n\t\t\t\/* see gallery_shortcode() in wp-includes\/media.php *\/\n\t\t<\/style>\n\t\t<div id='gallery-2' class='gallery galleryid-4071 gallery-columns-2 gallery-size-thumbnail'><dl class='gallery-item'>\n\t\t\t<dt class='gallery-icon landscape'>\n\t\t\t\t<a href='https:\/\/pacovelez.eu\/es\/img_2001-2\/'><img decoding=\"async\" width=\"150\" height=\"113\" src=\"https:\/\/pacovelez.eu\/wp-content\/uploads\/2021\/01\/IMG_2001-scaled-e1610110809207.jpg\" class=\"attachment-thumbnail size-thumbnail\" alt=\"\" \/><\/a>\n\t\t\t<\/dt><\/dl>\n\t\t\t<br style='clear: both' \/>\n\t\t<\/div>\n\n<p>El apartamento se puede alquilar a partir de 2 personas y finalmente puedes quedarte en esta maravillosa casa con un m\u00e1ximo de 10 personas. La casa se alquila con ropa de cama, toallas, etc. Los precios por noche son los siguientes;<\/p>\n<ul>\n<li>2 personas \u20ac 85,-<\/li>\n<li>4 personas \u20ac 130,-<\/li>\n<li>6 personas \u20ac 180,-<\/li>\n<li>8 personas \u20ac 225,-<\/li>\n<li>10 personas \u20ac 275,-<\/li>\n<\/ul>\n<p>La estancia m\u00ednima es de 4 noches. \u00bfSaber m\u00e1s? Env\u00edanos un correo electr\u00f3nico a <a href=\"mailto:info@casapaco.eu\">info@casapaco.eu<\/a><\/p>\n","protected":false},"excerpt":{"rendered":"<p>Desde hace algunos a\u00f1os, cada vez m\u00e1s holandeses y belgas descubren la regi\u00f3n de V\u00e9lez Rubio. Los propietarios belgas nos han pedido que ofrezcamos su hermosa casa en alquiler &#8230; \u00a1adjunto! Casa Arturo es una antigua casa de campo, ubicada a 300 metros de Casa Paco, con una hermosa piscina (climatizada) de no menos de [&hellip;]<\/p>\n","protected":false},"author":1,"featured_media":0,"parent":0,"menu_order":0,"comment_status":"closed","ping_status":"closed","template":"","meta":{"_acf_changed":false,"_et_pb_use_builder":"","_et_pb_old_content":"","_et_gb_content_width":"","footnotes":""},"class_list":["post-4071","page","type-page","status-publish","hentry"],"acf":[],"_links":{"self":[{"href":"https:\/\/pacovelez.eu\/es\/wp-json\/wp\/v2\/pages\/4071","targetHints":{"allow":["GET"]}}],"collection":[{"href":"https:\/\/pacovelez.eu\/es\/wp-json\/wp\/v2\/pages"}],"about":[{"href":"https:\/\/pacovelez.eu\/es\/wp-json\/wp\/v2\/types\/page"}],"author":[{"embeddable":true,"href":"https:\/\/pacovelez.eu\/es\/wp-json\/wp\/v2\/users\/1"}],"replies":[{"embeddable":true,"href":"https:\/\/pacovelez.eu\/es\/wp-json\/wp\/v2\/comments?post=4071"}],"version-history":[{"count":0,"href":"https:\/\/pacovelez.eu\/es\/wp-json\/wp\/v2\/pages\/4071\/revisions"}],"wp:attachment":[{"href":"https:\/\/pacovelez.eu\/es\/wp-json\/wp\/v2\/media?parent=4071"}],"curies":[{"name":"wp","href":"https:\/\/api.w.org\/{rel}","templated":true}]}}