{"id":3094,"date":"2018-06-11T21:14:06","date_gmt":"2018-06-11T21:14:06","guid":{"rendered":"https:\/\/pacovelez.eu\/habitaciones\/casa-del-pueblo-casa-lunavista\/"},"modified":"2018-07-13T15:00:36","modified_gmt":"2018-07-13T15:00:36","slug":"casa-del-pueblo-casa-lunavista","status":"publish","type":"page","link":"https:\/\/pacovelez.eu\/es\/habitaciones\/casa-del-pueblo-casa-lunavista\/","title":{"rendered":"Casa del Pueblo  \u00abCasa LunaVista\u00bb"},"content":{"rendered":"[et_pb_section bb_built=\u00bb1&#8243;][et_pb_row][et_pb_column type=\u00bb4_4&#8243;][et_pb_text admin_label=\u00bbDorpshuis Casa LunaVista\u00bb _builder_version=\u00bb3.9&#8243; background_layout=\u00bblight\u00bb]\n<h1>Casa del Pueblo \u00abCasa LunaVista\u00bb<\/h1>\n[\/et_pb_text][et_pb_divider _builder_version=\u00bb3.9&#8243; show_divider=\u00bbon\u00bb height=\u00bb5px\u00bb color=\u00bb#d6d6d6&#8243; saved_tabs=\u00bball\u00bb \/][\/et_pb_column][\/et_pb_row][et_pb_row][et_pb_column type=\u00bb4_4&#8243;][et_pb_text admin_label=\u00bbEind 2014&#8243; _builder_version=\u00bb3.9&#8243;]\n<p>A finales de 2014 compramos una casa de pueblo en ruinas en el centro hist\u00f3rico de V\u00e9lez Rubio. Despu\u00e9s de a\u00f1os de renovar y modernizar, la casa est\u00e1 lista y disponible para alquilar.<\/p>\n<p>La casa est\u00e1 en el centro de Velez Rubio y cubre m\u00e1s de 200m2 de espacio habitable. Es adecuado para un m\u00ednimo de 6 personas, pero puede ampliarse (camas supletorias) a 12 personas. El dise\u00f1o es el siguiente;<\/p>\n<ul>\n<li>2 espaciosas habitaciones para 2 personas (ambas de 16m2)<\/li>\n<li>1 espaciosa suite para 2 personas (28m2)<\/li>\n<li>2 ba\u00f1os (con ba\u00f1o y \/ o accesible por el pasillo)<\/li>\n<li>sala de estar y comedor<\/li>\n<li>cocina totalmente equipada<\/li>\n<li>jugar \/ relajarte<\/li>\n<li>Sauna (sauna infrarroja para 8 personas)<\/li>\n<li>Terraza de 30m2 con amplia vista, barbacoa y zona de estar<\/li>\n<\/ul>\n<p>Los restaurantes est\u00e1n, por supuesto, cerca y desde finales de junio hasta principios de septiembre, la gran piscina comunitaria est\u00e1 abierta y est\u00e1 a poca distancia a pie. La terraza de la azotea es ideal para tomar una bebida deliciosa, simplemente para relajarte o disfrutar de una acogedora barbacoa con impresionantes vistas de las monta\u00f1as de los alrededores.<\/p>\n<p>Por supuesto, puede contar con el excelente servicio del lujoso Bed and Breakfast Casa Paco y tambi\u00e9n estamos listos para que sus vacaciones sean unas excelentes vacaciones.<\/p>\n<p>Nuestra casa de pueblo Casa LunaVista todav\u00eda est\u00e1 disponible para alquiler. Hay varias opciones de alquiler;<\/p>\n<ul>\n<li>El alquiler para 2 personas (sala de estar, comedor, cocina, dormitorio, ba\u00f1o, sauna y azotea) es de \u20ac 90, &#8211; por d\u00eda con una estancia m\u00ednima de 2 noches.) La tarifa especial semanal es de \u20ac 600, &#8211; para 2 personas.<\/li>\n<li>El alquiler de toda la casa (6 personas) (2 dormitorios adicionales y un ba\u00f1o adicional) es de \u20ac 145, &#8211; por d\u00eda con una estancia m\u00ednima de 2 noches o \u20ac 1,000, &#8211; por semana<\/li>\n<li>El precio para m\u00e1s personas (m\u00e1ximo 12) se puede solicitar a nosotros.<\/li>\n<\/ul>\n<p>\u00bfInteresado? Env\u00edenos un correo electr\u00f3nico a <a href=\"mailto:info@casapaco.eu\">info@casapaco.eu<\/a><\/p>\n<p>A continuaci\u00f3n algunas im\u00e1genes de \u00abEntonces y ahora\u00bb<\/p>\n<p><strong><em>Foto&#8217;s de hoy&#8230;.<\/em><\/strong><\/p>\n\n<p><strong><em>Foto&#8217;s de antes<\/em><\/strong><\/p>\n\n[\/et_pb_text][\/et_pb_column][\/et_pb_row][\/et_pb_section]\n","protected":false},"excerpt":{"rendered":"<p>A finales de 2014 compramos una casa de pueblo en ruinas en el centro hist\u00f3rico de V\u00e9lez Rubio. Despu\u00e9s de a\u00f1os de renovar y modernizar, la casa est\u00e1 lista y disponible para alquilar.<\/p>\n","protected":false},"author":1,"featured_media":0,"parent":853,"menu_order":0,"comment_status":"closed","ping_status":"closed","template":"","meta":{"_acf_changed":false,"_et_pb_use_builder":"on","_et_pb_old_content":"<p>Eind 2014 hebben we in het historisch centrum van Velez Rubio een vervallen dorpshuis gekocht. Na jaren van renoveren en moderniseren is het huis klaar en beschikbaar voor de verhuur.<\/p><p>Het huis ligt in het centrum van Velez Rubio en beslaat meer dan 200m2 woonoppervlakte. Het is geschikt voor minimaal 6 personen, maar kan uitgebreid worden (extra bedden) tot 12 personen. De indeling is als volgt;<\/p><ul><li>2 ruime 2-persoonsslaapkamers (allebei 16m2)<\/li><li>1 ruime suite voor 2 personen (28m2)<\/li><li>2 badkamers (ensuite en\/of te bereiken via de gang)<\/li><li>woonkamer en eetkamer<\/li><li>volledig uitgeruste keuken<\/li><li>speel\/relax kamer<\/li><li>saunakamer (8 persoons infrarood sauna)<\/li><li>30m2 dakterras met wijds uitzicht, BBQ en zitgedeelte<\/li><\/ul><p>Restaurants zijn natuurlijk dichtbij en vanaf eind juni tot begin september is het grote gemeentezwembad geopend en op loopafstand. Het dakterras is uitermate geschikt voor een heerlijke borrel, even weg te dommelen of een gezellige BBQ met schitterend uitzicht op de omliggende bergen.<\/p><p>U kunt natuurlijk rekenen op de uitmuntende service van luxe bed & breakfast Casa Paco en we staan ook voor u klaar om uw vakantie tot een super vakantie te maken.<\/p><p>De huurprijs bedraagt 1.050,- euro per week \u00a0(o.b.v. 6 personen) en het huis is te boeken vanaf 1 april 2018. Interesse? Mail ons via <a href=\"mailto:info@casapaco.eu\">info@casapaco.eu<\/a><\/p><p><em>Onderstaand wat foto's van \"Toen en Nu\"<\/em><\/p><p><strong><em>Foto's van Nu.....<\/em><\/strong><\/p><p>[gallery ids=\"1719,1721,1725,1727,1729,1731,1733,1737,1739,1743,1795,1857,1859,1867,1869,1889,1887,1885\"]<\/p><p><strong><em>Foto's van Toen (nog heel veel te doen)<\/em><\/strong><\/p><p>[gallery ids=\"1797,1799,1801,1807,1815,1823,1825,1827,1829,1821,1819,1817,1809\"]<\/p>","_et_gb_content_width":"","footnotes":""},"class_list":["post-3094","page","type-page","status-publish","hentry"],"acf":[],"_links":{"self":[{"href":"https:\/\/pacovelez.eu\/es\/wp-json\/wp\/v2\/pages\/3094","targetHints":{"allow":["GET"]}}],"collection":[{"href":"https:\/\/pacovelez.eu\/es\/wp-json\/wp\/v2\/pages"}],"about":[{"href":"https:\/\/pacovelez.eu\/es\/wp-json\/wp\/v2\/types\/page"}],"author":[{"embeddable":true,"href":"https:\/\/pacovelez.eu\/es\/wp-json\/wp\/v2\/users\/1"}],"replies":[{"embeddable":true,"href":"https:\/\/pacovelez.eu\/es\/wp-json\/wp\/v2\/comments?post=3094"}],"version-history":[{"count":0,"href":"https:\/\/pacovelez.eu\/es\/wp-json\/wp\/v2\/pages\/3094\/revisions"}],"up":[{"embeddable":true,"href":"https:\/\/pacovelez.eu\/es\/wp-json\/wp\/v2\/pages\/853"}],"wp:attachment":[{"href":"https:\/\/pacovelez.eu\/es\/wp-json\/wp\/v2\/media?parent=3094"}],"curies":[{"name":"wp","href":"https:\/\/api.w.org\/{rel}","templated":true}]}}