{"id":1501,"date":"2017-04-22T11:45:46","date_gmt":"2017-04-22T11:45:46","guid":{"rendered":"https:\/\/pacovelez.eu\/?page_id=1501"},"modified":"2018-06-12T13:26:48","modified_gmt":"2018-06-12T13:26:48","slug":"fotos-de-casa-paco","status":"publish","type":"page","link":"https:\/\/pacovelez.eu\/es\/fotos-de-casa-paco\/","title":{"rendered":"Fotos de Casa Paco"},"content":{"rendered":"[et_pb_section bb_built=\u00bb1&#8243;][et_pb_row][et_pb_column type=\u00bb4_4&#8243;][et_pb_text admin_label=\u00bbSoms zeggen foto&#8217;s meer dan woorden..\u00bb _builder_version=\u00bb3.1.1&#8243;]\n<p>A veces las fotos dicen m\u00e1s que las palabras &#8230; y esto tambi\u00e9n se aplica a Casa Paco. En la galer\u00eda de fotos a continuaci\u00f3n, definitivamente encontrar\u00e1 lo que Casa Paco representa; relajarse, comer, lujo, activo y aut\u00e9ntico &#8230;<\/p>\n[\/et_pb_text][et_pb_gallery _builder_version=\u00bb3.1.1&#8243; gallery_ids=\u00bb399,1345,1339,1337,1335,1331,1329,1325,1343,1333,1353,1349,1357,1359,1361,1363,1365,1369,1371,1375,1379,1381,1383,1385,1389,1393,1395,1397,1399,1401,1407,1409,1411,1413,1417,1419,1421,1423,1425,1427,1429,1431,1433,1435,1437,1439,1441,1445,1447,1451,462,419,398,408,410,418,401,402,467,1341,1387,1405,1443,1449,2547,2549,2551,2553,2555,2557,2559,2561,2563,2565,2567,2569,2571,2573,2575,2577,2579,403,2581,2583,2585,2587,2589,2591,2593,2595,2597,2599,2601,2603,2605,2607,2609,2611,2613,2615,2617,2619,2621,2623,2625,2627,2629,2631,2633,2635,2637,2639,2641,2643,2645,2647,2649,2651,2653,2655,2657,2659,2661,2665,2667,2669,2671,2673,2675,2677,2679,2681,2683,2685,2687,2689,2691,1891,1889,1887,1875,1877,1879,1845,1859,1727,1693,1691,1689,1687,1671,1683,1685,1469,1465,1463,1321,1457,2407,2409,2397,1171,1163,1165,1153,2343,2347,2341,2339,2337,2335,627,1105,625,623,621,619,611,613,615,617,609,607,597,595,593,591,589,581,583,585,587,577,579,575,573,565,567,569,571,563,561,559,557,549,551,553,555,547,545,543,541,523,525,527,539,521,519,517,483,466,477,464,463,461,457,458,459,460,456,455,451,448,447,442,413,409,407,412,405,406,400,331,385,312,308,296,300,302,306,293,292,291,290,201,194,193&#8243; posts_number=\u00bb100&#8243; show_pagination=\u00bboff\u00bb db_image_max_width_tablet=\u00bb51&#8243; db_image_max_height_tablet=\u00bb501&#8243; db_image_row_spacing_tablet=\u00bb51&#8243; db_image_object_fit=\u00bbinitial\u00bb zoom_icon_color=\u00bb#ef8200&#8243; hover_overlay_color=\u00bbrgba(255,255,255,0.9)\u00bb db_image_center_titles=\u00bbleft\u00bb show_title_and_caption=\u00bboff\u00bb \/][\/et_pb_column][\/et_pb_row][et_pb_row disabled_on=\u00bbon|on|on\u00bb disabled=\u00bbon\u00bb background_position=\u00bbtop_left\u00bb background_repeat=\u00bbrepeat\u00bb background_size=\u00bbinitial\u00bb][et_pb_column type=\u00bb4_4&#8243;][et_pb_text _builder_version=\u00bb3.1.1&#8243;]\n<p>A veces las fotos dicen m\u00e1s que las palabras &#8230; y esto tambi\u00e9n se aplica a Casa Paco. En la galer\u00eda de fotos a continuaci\u00f3n, definitivamente encontrar\u00e1 lo que Casa Paco representa; relajarse, comer, lujo, activo y aut\u00e9ntico &#8230;<\/p>\n\n\t\t<style type=\"text\/css\">\n\t\t\t#gallery-1 {\n\t\t\t\tmargin: auto;\n\t\t\t}\n\t\t\t#gallery-1 .gallery-item {\n\t\t\t\tfloat: left;\n\t\t\t\tmargin-top: 10px;\n\t\t\t\ttext-align: center;\n\t\t\t\twidth: 20%;\n\t\t\t}\n\t\t\t#gallery-1 img {\n\t\t\t\tborder: 2px solid #cfcfcf;\n\t\t\t}\n\t\t\t#gallery-1 .gallery-caption {\n\t\t\t\tmargin-left: 0;\n\t\t\t}\n\t\t\t\/* see gallery_shortcode() in wp-includes\/media.php *\/\n\t\t<\/style>\n\t\t<div id='gallery-1' class='gallery galleryid-1501 gallery-columns-5 gallery-size-thumbnail'><dl class='gallery-item'>\n\t\t\t<dt class='gallery-icon landscape'>\n\t\t\t\t<a href='https:\/\/pacovelez.eu\/es\/_dsc6628-2\/'><img decoding=\"async\" width=\"150\" height=\"150\" src=\"https:\/\/pacovelez.eu\/wp-content\/uploads\/2015\/09\/DSC6628-150x150.jpg\" class=\"attachment-thumbnail size-thumbnail\" alt=\"\" aria-describedby=\"gallery-1-2152\" srcset=\"https:\/\/pacovelez.eu\/wp-content\/uploads\/2015\/09\/DSC6628-150x150.jpg 150w, https:\/\/pacovelez.eu\/wp-content\/uploads\/2015\/09\/DSC6628-75x75.jpg 75w\" sizes=\"(max-width: 150px) 100vw, 150px\" \/><\/a>\n\t\t\t<\/dt>\n\t\t\t\t<dd class='wp-caption-text gallery-caption' id='gallery-1-2152'>\n\t\t\t\tKuifleeuwerik\n\t\t\t\t<\/dd><\/dl><dl class='gallery-item'>\n\t\t\t<dt class='gallery-icon landscape'>\n\t\t\t\t<a href='https:\/\/pacovelez.eu\/es\/img_0493-2\/'><img decoding=\"async\" width=\"150\" height=\"150\" src=\"https:\/\/pacovelez.eu\/wp-content\/uploads\/2015\/11\/IMG_0493-150x150.jpg\" class=\"attachment-thumbnail size-thumbnail\" alt=\"\" aria-describedby=\"gallery-1-2276\" srcset=\"https:\/\/pacovelez.eu\/wp-content\/uploads\/2015\/11\/IMG_0493-150x150.jpg 150w, https:\/\/pacovelez.eu\/wp-content\/uploads\/2015\/11\/IMG_0493-75x75.jpg 75w\" sizes=\"(max-width: 150px) 100vw, 150px\" \/><\/a>\n\t\t\t<\/dt>\n\t\t\t\t<dd class='wp-caption-text gallery-caption' id='gallery-1-2276'>\n\t\t\t\tAmandelen \n\t\t\t\t<\/dd><\/dl><dl class='gallery-item'>\n\t\t\t<dt class='gallery-icon landscape'>\n\t\t\t\t<a href='https:\/\/pacovelez.eu\/es\/img_0746-2\/'><img decoding=\"async\" width=\"150\" height=\"150\" src=\"https:\/\/pacovelez.eu\/wp-content\/uploads\/2015\/11\/IMG_0746-150x150.jpg\" class=\"attachment-thumbnail size-thumbnail\" alt=\"\" aria-describedby=\"gallery-1-2242\" srcset=\"https:\/\/pacovelez.eu\/wp-content\/uploads\/2015\/11\/IMG_0746-150x150.jpg 150w, https:\/\/pacovelez.eu\/wp-content\/uploads\/2015\/11\/IMG_0746-75x75.jpg 75w\" sizes=\"(max-width: 150px) 100vw, 150px\" \/><\/a>\n\t\t\t<\/dt>\n\t\t\t\t<dd class='wp-caption-text gallery-caption' id='gallery-1-2242'>\n\t\t\t\tGieren spotten\n\t\t\t\t<\/dd><\/dl><dl class='gallery-item'>\n\t\t\t<dt class='gallery-icon landscape'>\n\t\t\t\t<a href='https:\/\/pacovelez.eu\/es\/waterpark\/zwembad_velez_rubio_1-2-2\/'><img decoding=\"async\" width=\"150\" height=\"150\" src=\"https:\/\/pacovelez.eu\/wp-content\/uploads\/2015\/08\/Zwembad_Velez_Rubio_11-150x150.jpg\" class=\"attachment-thumbnail size-thumbnail\" alt=\"Piscina municipal\" aria-describedby=\"gallery-1-2112\" srcset=\"https:\/\/pacovelez.eu\/wp-content\/uploads\/2015\/08\/Zwembad_Velez_Rubio_11-150x150.jpg 150w, https:\/\/pacovelez.eu\/wp-content\/uploads\/2015\/08\/Zwembad_Velez_Rubio_11-75x75.jpg 75w\" sizes=\"(max-width: 150px) 100vw, 150px\" \/><\/a>\n\t\t\t<\/dt>\n\t\t\t\t<dd class='wp-caption-text gallery-caption' id='gallery-1-2112'>\n\t\t\t\tPiscina municipal\n\t\t\t\t<\/dd><\/dl><dl class='gallery-item'>\n\t\t\t<dt class='gallery-icon landscape'>\n\t\t\t\t<a href='https:\/\/pacovelez.eu\/es\/fotos-de-casa-paco\/_dsc7060-2\/'><img decoding=\"async\" width=\"150\" height=\"150\" src=\"https:\/\/pacovelez.eu\/wp-content\/uploads\/2015\/09\/DSC7060-150x150.jpg\" class=\"attachment-thumbnail size-thumbnail\" alt=\"\" aria-describedby=\"gallery-1-2122\" srcset=\"https:\/\/pacovelez.eu\/wp-content\/uploads\/2015\/09\/DSC7060-150x150.jpg 150w, https:\/\/pacovelez.eu\/wp-content\/uploads\/2015\/09\/DSC7060-75x75.jpg 75w\" sizes=\"(max-width: 150px) 100vw, 150px\" \/><\/a>\n\t\t\t<\/dt>\n\t\t\t\t<dd class='wp-caption-text gallery-caption' id='gallery-1-2122'>\n\t\t\t\tUitzicht Maihmon\n\t\t\t\t<\/dd><\/dl><br style=\"clear: both\" \/><dl class='gallery-item'>\n\t\t\t<dt class='gallery-icon landscape'>\n\t\t\t\t<a href='https:\/\/pacovelez.eu\/es\/fotos-de-casa-paco\/spanje-132-2\/'><img decoding=\"async\" width=\"150\" height=\"150\" src=\"https:\/\/pacovelez.eu\/wp-content\/uploads\/2015\/09\/Spanje-132-150x150.jpg\" class=\"attachment-thumbnail size-thumbnail\" alt=\"\" aria-describedby=\"gallery-1-2142\" srcset=\"https:\/\/pacovelez.eu\/wp-content\/uploads\/2015\/09\/Spanje-132-150x150.jpg 150w, https:\/\/pacovelez.eu\/wp-content\/uploads\/2015\/09\/Spanje-132-75x75.jpg 75w\" sizes=\"(max-width: 150px) 100vw, 150px\" \/><\/a>\n\t\t\t<\/dt>\n\t\t\t\t<dd class='wp-caption-text gallery-caption' id='gallery-1-2142'>\n\t\t\t\tUil bij Casa Paco\n\t\t\t\t<\/dd><\/dl><dl class='gallery-item'>\n\t\t\t<dt class='gallery-icon landscape'>\n\t\t\t\t<a href='https:\/\/pacovelez.eu\/es\/fotos-de-casa-paco\/spanje-182-2\/'><img decoding=\"async\" width=\"150\" height=\"150\" src=\"https:\/\/pacovelez.eu\/wp-content\/uploads\/2015\/09\/Spanje-182-150x150.jpg\" class=\"attachment-thumbnail size-thumbnail\" alt=\"\" aria-describedby=\"gallery-1-2146\" srcset=\"https:\/\/pacovelez.eu\/wp-content\/uploads\/2015\/09\/Spanje-182-150x150.jpg 150w, https:\/\/pacovelez.eu\/wp-content\/uploads\/2015\/09\/Spanje-182-75x75.jpg 75w\" sizes=\"(max-width: 150px) 100vw, 150px\" \/><\/a>\n\t\t\t<\/dt>\n\t\t\t\t<dd class='wp-caption-text gallery-caption' id='gallery-1-2146'>\n\t\t\t\tBijeneter\n\t\t\t\t<\/dd><\/dl><dl class='gallery-item'>\n\t\t\t<dt class='gallery-icon landscape'>\n\t\t\t\t<a href='https:\/\/pacovelez.eu\/es\/img_0703-2\/'><img decoding=\"async\" width=\"150\" height=\"150\" src=\"https:\/\/pacovelez.eu\/wp-content\/uploads\/2015\/10\/IMG_0703-150x150.jpg\" class=\"attachment-thumbnail size-thumbnail\" alt=\"\" aria-describedby=\"gallery-1-2190\" srcset=\"https:\/\/pacovelez.eu\/wp-content\/uploads\/2015\/10\/IMG_0703-150x150.jpg 150w, https:\/\/pacovelez.eu\/wp-content\/uploads\/2015\/10\/IMG_0703-75x75.jpg 75w\" sizes=\"(max-width: 150px) 100vw, 150px\" \/><\/a>\n\t\t\t<\/dt>\n\t\t\t\t<dd class='wp-caption-text gallery-caption' id='gallery-1-2190'>\n\t\t\t\tGeroosterde amandelen\n\t\t\t\t<\/dd><\/dl><dl class='gallery-item'>\n\t\t\t<dt class='gallery-icon landscape'>\n\t\t\t\t<a href='https:\/\/pacovelez.eu\/es\/fotos-de-casa-paco\/_dsc7259-2\/'><img decoding=\"async\" width=\"150\" height=\"150\" src=\"https:\/\/pacovelez.eu\/wp-content\/uploads\/2015\/09\/DSC7259-150x150.jpg\" class=\"attachment-thumbnail size-thumbnail\" alt=\"\" aria-describedby=\"gallery-1-2132\" srcset=\"https:\/\/pacovelez.eu\/wp-content\/uploads\/2015\/09\/DSC7259-150x150.jpg 150w, https:\/\/pacovelez.eu\/wp-content\/uploads\/2015\/09\/DSC7259-75x75.jpg 75w\" sizes=\"(max-width: 150px) 100vw, 150px\" \/><\/a>\n\t\t\t<\/dt>\n\t\t\t\t<dd class='wp-caption-text gallery-caption' id='gallery-1-2132'>\n\t\t\t\tKasteel Velez Blanco\n\t\t\t\t<\/dd><\/dl><dl class='gallery-item'>\n\t\t\t<dt class='gallery-icon landscape'>\n\t\t\t\t<a href='https:\/\/pacovelez.eu\/es\/img_3547-2\/'><img decoding=\"async\" width=\"150\" height=\"150\" src=\"https:\/\/pacovelez.eu\/wp-content\/uploads\/2015\/11\/IMG_3547-150x150.jpg\" class=\"attachment-thumbnail size-thumbnail\" alt=\"\" aria-describedby=\"gallery-1-2244\" srcset=\"https:\/\/pacovelez.eu\/wp-content\/uploads\/2015\/11\/IMG_3547-150x150.jpg 150w, https:\/\/pacovelez.eu\/wp-content\/uploads\/2015\/11\/IMG_3547-75x75.jpg 75w\" sizes=\"(max-width: 150px) 100vw, 150px\" \/><\/a>\n\t\t\t<\/dt>\n\t\t\t\t<dd class='wp-caption-text gallery-caption' id='gallery-1-2244'>\n\t\t\t\tPascal &#038; Corina\n\t\t\t\t<\/dd><\/dl><br style=\"clear: both\" \/><dl class='gallery-item'>\n\t\t\t<dt class='gallery-icon landscape'>\n\t\t\t\t<a href='https:\/\/pacovelez.eu\/es\/img_4355-3\/'><img decoding=\"async\" width=\"150\" height=\"150\" src=\"https:\/\/pacovelez.eu\/wp-content\/uploads\/2015\/10\/IMG_4355-150x150.jpg\" class=\"attachment-thumbnail size-thumbnail\" alt=\"\" aria-describedby=\"gallery-1-2212\" srcset=\"https:\/\/pacovelez.eu\/wp-content\/uploads\/2015\/10\/IMG_4355-150x150.jpg 150w, https:\/\/pacovelez.eu\/wp-content\/uploads\/2015\/10\/IMG_4355-75x75.jpg 75w\" sizes=\"(max-width: 150px) 100vw, 150px\" \/><\/a>\n\t\t\t<\/dt>\n\t\t\t\t<dd class='wp-caption-text gallery-caption' id='gallery-1-2212'>\n\t\t\t\tAmandelbloesem\n\t\t\t\t<\/dd><\/dl><dl class='gallery-item'>\n\t\t\t<dt class='gallery-icon landscape'>\n\t\t\t\t<a href='https:\/\/pacovelez.eu\/es\/fotos-de-casa-paco\/_dsc7056-2\/'><img decoding=\"async\" width=\"150\" height=\"150\" src=\"https:\/\/pacovelez.eu\/wp-content\/uploads\/2015\/09\/DSC7056-150x150.jpg\" class=\"attachment-thumbnail size-thumbnail\" alt=\"\" aria-describedby=\"gallery-1-2124\" srcset=\"https:\/\/pacovelez.eu\/wp-content\/uploads\/2015\/09\/DSC7056-150x150.jpg 150w, https:\/\/pacovelez.eu\/wp-content\/uploads\/2015\/09\/DSC7056-75x75.jpg 75w\" sizes=\"(max-width: 150px) 100vw, 150px\" \/><\/a>\n\t\t\t<\/dt>\n\t\t\t\t<dd class='wp-caption-text gallery-caption' id='gallery-1-2124'>\n\t\t\t\tZonsondergang\n\t\t\t\t<\/dd><\/dl><dl class='gallery-item'>\n\t\t\t<dt class='gallery-icon landscape'>\n\t\t\t\t<a href='https:\/\/pacovelez.eu\/es\/fotos-de-casa-paco\/img_0223-2\/'><img decoding=\"async\" width=\"150\" height=\"150\" src=\"https:\/\/pacovelez.eu\/wp-content\/uploads\/2015\/09\/IMG_0223-150x150.jpg\" class=\"attachment-thumbnail size-thumbnail\" alt=\"\" aria-describedby=\"gallery-1-2422\" srcset=\"https:\/\/pacovelez.eu\/wp-content\/uploads\/2015\/09\/IMG_0223-150x150.jpg 150w, https:\/\/pacovelez.eu\/wp-content\/uploads\/2015\/09\/IMG_0223-300x300.jpg 300w, https:\/\/pacovelez.eu\/wp-content\/uploads\/2015\/09\/IMG_0223-768x768.jpg 768w, https:\/\/pacovelez.eu\/wp-content\/uploads\/2015\/09\/IMG_0223-1024x1024.jpg 1024w, https:\/\/pacovelez.eu\/wp-content\/uploads\/2015\/09\/IMG_0223-114x114.jpg 114w, https:\/\/pacovelez.eu\/wp-content\/uploads\/2015\/09\/IMG_0223-75x75.jpg 75w, https:\/\/pacovelez.eu\/wp-content\/uploads\/2015\/09\/IMG_0223.jpg 1936w\" sizes=\"(max-width: 150px) 100vw, 150px\" \/><\/a>\n\t\t\t<\/dt>\n\t\t\t\t<dd class='wp-caption-text gallery-caption' id='gallery-1-2422'>\n\t\t\t\tWorkshop zelf worstmaken\n\t\t\t\t<\/dd><\/dl><dl class='gallery-item'>\n\t\t\t<dt class='gallery-icon landscape'>\n\t\t\t\t<a href='https:\/\/pacovelez.eu\/es\/cartagena-es\/img_0226-2\/'><img decoding=\"async\" width=\"150\" height=\"150\" src=\"https:\/\/pacovelez.eu\/wp-content\/uploads\/2016\/11\/IMG_0226-150x150.jpg\" class=\"attachment-thumbnail size-thumbnail\" alt=\"\" aria-describedby=\"gallery-1-2364\" srcset=\"https:\/\/pacovelez.eu\/wp-content\/uploads\/2016\/11\/IMG_0226-150x150.jpg 150w, https:\/\/pacovelez.eu\/wp-content\/uploads\/2016\/11\/IMG_0226-300x300.jpg 300w, https:\/\/pacovelez.eu\/wp-content\/uploads\/2016\/11\/IMG_0226-768x768.jpg 768w, https:\/\/pacovelez.eu\/wp-content\/uploads\/2016\/11\/IMG_0226-1024x1024.jpg 1024w, https:\/\/pacovelez.eu\/wp-content\/uploads\/2016\/11\/IMG_0226-114x114.jpg 114w, https:\/\/pacovelez.eu\/wp-content\/uploads\/2016\/11\/IMG_0226-75x75.jpg 75w, https:\/\/pacovelez.eu\/wp-content\/uploads\/2016\/11\/IMG_0226.jpg 1936w\" sizes=\"(max-width: 150px) 100vw, 150px\" \/><\/a>\n\t\t\t<\/dt>\n\t\t\t\t<dd class='wp-caption-text gallery-caption' id='gallery-1-2364'>\n\t\t\t\tBezoek aan de Liquor 43 fabriek\n\t\t\t\t<\/dd><\/dl><dl class='gallery-item'>\n\t\t\t<dt class='gallery-icon landscape'>\n\t\t\t\t<a href='https:\/\/pacovelez.eu\/es\/img_4907-2\/'><img decoding=\"async\" width=\"150\" height=\"150\" src=\"https:\/\/pacovelez.eu\/wp-content\/uploads\/2016\/10\/IMG_4907-150x150.jpg\" class=\"attachment-thumbnail size-thumbnail\" alt=\"\" aria-describedby=\"gallery-1-2354\" srcset=\"https:\/\/pacovelez.eu\/wp-content\/uploads\/2016\/10\/IMG_4907-150x150.jpg 150w, https:\/\/pacovelez.eu\/wp-content\/uploads\/2016\/10\/IMG_4907-75x75.jpg 75w\" sizes=\"(max-width: 150px) 100vw, 150px\" \/><\/a>\n\t\t\t<\/dt>\n\t\t\t\t<dd class='wp-caption-text gallery-caption' id='gallery-1-2354'>\n\t\t\t\tPadelles tijdens het vrouwenweekend\n\t\t\t\t<\/dd><\/dl><br style=\"clear: both\" \/><dl class='gallery-item'>\n\t\t\t<dt class='gallery-icon landscape'>\n\t\t\t\t<a href='https:\/\/pacovelez.eu\/es\/fotos-de-casa-paco\/img_4355-2-2\/'><img decoding=\"async\" width=\"150\" height=\"150\" src=\"https:\/\/pacovelez.eu\/wp-content\/uploads\/2015\/09\/IMG_4355-150x150.jpg\" class=\"attachment-thumbnail size-thumbnail\" alt=\"\" aria-describedby=\"gallery-1-2454\" srcset=\"https:\/\/pacovelez.eu\/wp-content\/uploads\/2015\/09\/IMG_4355-150x150.jpg 150w, https:\/\/pacovelez.eu\/wp-content\/uploads\/2015\/09\/IMG_4355-75x75.jpg 75w\" sizes=\"(max-width: 150px) 100vw, 150px\" \/><\/a>\n\t\t\t<\/dt>\n\t\t\t\t<dd class='wp-caption-text gallery-caption' id='gallery-1-2454'>\n\t\t\t\tAmandelbloesem\n\t\t\t\t<\/dd><\/dl><dl class='gallery-item'>\n\t\t\t<dt class='gallery-icon landscape'>\n\t\t\t\t<a href='https:\/\/pacovelez.eu\/es\/fotos-de-casa-paco\/img_4667-2\/'><img decoding=\"async\" width=\"150\" height=\"150\" src=\"https:\/\/pacovelez.eu\/wp-content\/uploads\/2015\/09\/IMG_4667-150x150.jpg\" class=\"attachment-thumbnail size-thumbnail\" alt=\"\" aria-describedby=\"gallery-1-2466\" srcset=\"https:\/\/pacovelez.eu\/wp-content\/uploads\/2015\/09\/IMG_4667-150x150.jpg 150w, https:\/\/pacovelez.eu\/wp-content\/uploads\/2015\/09\/IMG_4667-75x75.jpg 75w\" sizes=\"(max-width: 150px) 100vw, 150px\" \/><\/a>\n\t\t\t<\/dt>\n\t\t\t\t<dd class='wp-caption-text gallery-caption' id='gallery-1-2466'>\n\t\t\t\tFamiliefoto gasten\n\t\t\t\t<\/dd><\/dl><dl class='gallery-item'>\n\t\t\t<dt class='gallery-icon landscape'>\n\t\t\t\t<a href='https:\/\/pacovelez.eu\/es\/fotos-de-casa-paco\/img_0144-2\/'><img decoding=\"async\" width=\"150\" height=\"150\" src=\"https:\/\/pacovelez.eu\/wp-content\/uploads\/2015\/09\/IMG_0144-150x150.jpg\" class=\"attachment-thumbnail size-thumbnail\" alt=\"\" aria-describedby=\"gallery-1-2470\" srcset=\"https:\/\/pacovelez.eu\/wp-content\/uploads\/2015\/09\/IMG_0144-150x150.jpg 150w, https:\/\/pacovelez.eu\/wp-content\/uploads\/2015\/09\/IMG_0144-75x75.jpg 75w\" sizes=\"(max-width: 150px) 100vw, 150px\" \/><\/a>\n\t\t\t<\/dt>\n\t\t\t\t<dd class='wp-caption-text gallery-caption' id='gallery-1-2470'>\n\t\t\t\tKlaprozen bij Casa Paco\n\t\t\t\t<\/dd><\/dl><dl class='gallery-item'>\n\t\t\t<dt class='gallery-icon landscape'>\n\t\t\t\t<a href='https:\/\/pacovelez.eu\/es\/fotos-de-casa-paco\/p1050927-3-2\/'><img decoding=\"async\" width=\"150\" height=\"150\" src=\"https:\/\/pacovelez.eu\/wp-content\/uploads\/2015\/09\/P1050927-150x150.jpg\" class=\"attachment-thumbnail size-thumbnail\" alt=\"\" aria-describedby=\"gallery-1-2478\" srcset=\"https:\/\/pacovelez.eu\/wp-content\/uploads\/2015\/09\/P1050927-150x150.jpg 150w, https:\/\/pacovelez.eu\/wp-content\/uploads\/2015\/09\/P1050927-75x75.jpg 75w\" sizes=\"(max-width: 150px) 100vw, 150px\" \/><\/a>\n\t\t\t<\/dt>\n\t\t\t\t<dd class='wp-caption-text gallery-caption' id='gallery-1-2478'>\n\t\t\t\tZomerdrankje Tinto de Verano\n\t\t\t\t<\/dd><\/dl>\n\t\t\t<br style='clear: both' \/>\n\t\t<\/div>\n\n[\/et_pb_text][\/et_pb_column][\/et_pb_row][\/et_pb_section]\n","protected":false},"excerpt":{"rendered":"<p><div class=\"et_pb_row et_pb_row_0 et_pb_row_empty\">\n\t\t\t\t\n\t\t\t\t\n\t\t\t\t\n\t\t\t\t\n\t\t\t\t\n\t\t\t<\/div> A veces las fotos dicen m\u00e1s que las palabras &#8230; y esto tambi\u00e9n se aplica a Casa Paco. En la galer\u00eda de fotos a continuaci\u00f3n, definitivamente encontrar\u00e1 lo que Casa Paco representa; relajarse, comer, lujo, activo y aut\u00e9ntico &#8230; A veces las fotos dicen m\u00e1s que las palabras &#8230; y esto tambi\u00e9n se aplica [&hellip;]<\/p>\n","protected":false},"author":1,"featured_media":0,"parent":0,"menu_order":0,"comment_status":"closed","ping_status":"closed","template":"","meta":{"_acf_changed":false,"_et_pb_use_builder":"on","_et_pb_old_content":"<p>Soms zeggen foto's meer dan woorden...en ook dit geldt vaak voor Casa Paco. In onderstaande fotogalerij vindt je zeker terug waar Casa Paco voor staat; relaxen, eten, luxe, actief en authentiek....<\/p><p>[gallery columns=\"5\" ids=\"557,595,551,583,545,413,462,559,579,597,569,589,549,525,419,313,331,459,253,398,452,466,585,571,447,408,385,410,440,418,450,406,403,527,481,461,561,581,446,416,404,453,399,593,203,567,517,577,449,443,1345,1339,1337,1335,1331,1329,1325,1285,1281,1163,1153,653,1343,1333,563,1353,1349,1357,1359,1361,1363,1365,1369,1371,1375,1379,1381,1383,1385,1389,1393,1395,1397,1399,1401,1407,1409,1411,1413,1417,1419,1421,1423,1425,1427,1429,1431,1433,1435,1437,1439,1441,1445,1447,1451\"]<\/p>","_et_gb_content_width":"","footnotes":""},"class_list":["post-1501","page","type-page","status-publish","hentry"],"acf":[],"_links":{"self":[{"href":"https:\/\/pacovelez.eu\/es\/wp-json\/wp\/v2\/pages\/1501","targetHints":{"allow":["GET"]}}],"collection":[{"href":"https:\/\/pacovelez.eu\/es\/wp-json\/wp\/v2\/pages"}],"about":[{"href":"https:\/\/pacovelez.eu\/es\/wp-json\/wp\/v2\/types\/page"}],"author":[{"embeddable":true,"href":"https:\/\/pacovelez.eu\/es\/wp-json\/wp\/v2\/users\/1"}],"replies":[{"embeddable":true,"href":"https:\/\/pacovelez.eu\/es\/wp-json\/wp\/v2\/comments?post=1501"}],"version-history":[{"count":0,"href":"https:\/\/pacovelez.eu\/es\/wp-json\/wp\/v2\/pages\/1501\/revisions"}],"wp:attachment":[{"href":"https:\/\/pacovelez.eu\/es\/wp-json\/wp\/v2\/media?parent=1501"}],"curies":[{"name":"wp","href":"https:\/\/api.w.org\/{rel}","templated":true}]}}