{"id":1019,"date":"2016-01-13T20:28:19","date_gmt":"2016-01-13T20:28:19","guid":{"rendered":"https:\/\/pacovelez.eu\/?page_id=1019"},"modified":"2016-01-14T17:17:48","modified_gmt":"2016-01-14T17:17:48","slug":"al-golf","status":"publish","type":"page","link":"https:\/\/pacovelez.eu\/es\/al-golf\/","title":{"rendered":"Al Golf"},"content":{"rendered":"<p>Dentro de una hora en coche de la Casa Paco cinco campos de golf de 18 hoyos . La m\u00e1s bella que la otra , pero por diversas discapacidades. En cooperaci\u00f3n con estos vecinos (arriba ) cursos que organizamos cl\u00ednicas de golf , cursos para principiantes o simplemente acceder a los diferentes campos de golf .<\/p>\n<p>Mira , por ejemplo, en el cercano desierto Spings Golf Club ( <a href=\"http:\/\/www.almanzora.com\" target=\"_blank\" rel=\"noopener\">www.almanzora.com<\/a> ) , Marina Golf ( <a href=\"http:\/\/www.marinagolf.com\" target=\"_blank\" rel=\"noopener\">www.marinagolf.com<\/a> ) o Playa Macenas ( <a href=\"http:\/\/www.playamacenas.es\" target=\"_blank\" rel=\"noopener\">www.playamacenas.es <\/a>) .<\/p>\n<p>Con algunos de estos cursos que tenemos una sociedad, que le permite obtener un atractivo descuento en su green fee y \/ o alquiler de buggy.<\/p>\n","protected":false},"excerpt":{"rendered":"<p>Dentro de una hora en coche de la Casa Paco cinco campos de golf de 18 hoyos . La m\u00e1s bella que la otra , pero por diversas discapacidades. En cooperaci\u00f3n con estos vecinos (arriba ) cursos que organizamos cl\u00ednicas de golf , cursos para principiantes o simplemente acceder a los diferentes campos de golf [&hellip;]<\/p>\n","protected":false},"author":1,"featured_media":0,"parent":0,"menu_order":0,"comment_status":"closed","ping_status":"closed","template":"","meta":{"_acf_changed":false,"_et_pb_use_builder":"on","_et_pb_old_content":"<p>Binnen een uur rijden van Casa Paco liggen vijf 18-holes golfbanen. De 1 nog mooier dan de ander, maar geschikt voor diverse handicaps. In samenwerking met deze nabij gelegen (top)golfbanen organiseren wij golfclinics, cursussen voor beginners of gewoon toegang tot de verschillende schitterende golfbanen. Kijk bijvoorbeeld eens naar het dichtbij gelegen Desert Spings Golf Club (<a title=\"Almanzora\" href=\"http:\/\/www.almanzora.com\/\" target=\"_blank\" rel=\"noopener\">www.almanzora.com<\/a>), Lorca Golf & Spa Resort (<a href=\"http:\/\/www.lorcaresort.com\">www.lorcaresort.com<\/a>), Marina Golf (<a title=\"Marinagolf\" href=\"http:\/\/www.marinagolf.com\/\" target=\"_blank\" rel=\"noopener\">www.marinagolf.com<\/a>) of Playa Macenas (<a title=\"Playamacenas\" href=\"http:\/\/www.playamacenas.es\/\" target=\"_blank\" rel=\"noopener\">www.playamacenas.es<\/a>). Met enkele van deze golfbanen hebben we een samenwerkingsverband, waardoor u een aantrekkelijke korting op uw greenfee en\/of buggyhuur kunt krijgen.<\/p><p>(Prijs op aanvraag, afhankelijk van uw specifieke wensen)<\/p>","_et_gb_content_width":"","footnotes":""},"class_list":["post-1019","page","type-page","status-publish","hentry"],"acf":[],"_links":{"self":[{"href":"https:\/\/pacovelez.eu\/es\/wp-json\/wp\/v2\/pages\/1019","targetHints":{"allow":["GET"]}}],"collection":[{"href":"https:\/\/pacovelez.eu\/es\/wp-json\/wp\/v2\/pages"}],"about":[{"href":"https:\/\/pacovelez.eu\/es\/wp-json\/wp\/v2\/types\/page"}],"author":[{"embeddable":true,"href":"https:\/\/pacovelez.eu\/es\/wp-json\/wp\/v2\/users\/1"}],"replies":[{"embeddable":true,"href":"https:\/\/pacovelez.eu\/es\/wp-json\/wp\/v2\/comments?post=1019"}],"version-history":[{"count":0,"href":"https:\/\/pacovelez.eu\/es\/wp-json\/wp\/v2\/pages\/1019\/revisions"}],"wp:attachment":[{"href":"https:\/\/pacovelez.eu\/es\/wp-json\/wp\/v2\/media?parent=1019"}],"curies":[{"name":"wp","href":"https:\/\/api.w.org\/{rel}","templated":true}]}}