{"id":1015,"date":"2016-01-13T20:27:20","date_gmt":"2016-01-13T20:27:20","guid":{"rendered":"https:\/\/pacovelez.eu\/?page_id=1015"},"modified":"2016-01-14T19:34:19","modified_gmt":"2016-01-14T19:34:19","slug":"paquete-culinario","status":"publish","type":"page","link":"https:\/\/pacovelez.eu\/es\/paquete-culinario\/","title":{"rendered":"Paquete Culinario"},"content":{"rendered":"<p>&nbsp;<\/p>\n<p><strong>Disfrute de la gastronom\u00eda de Andaluc\u00eda !!<\/strong><\/p>\n<p>En Casa Paco se puede disfrutar de paquetes culinarios flexibles ( desde \u20ac 35, &#8211; por persona ) . Usted puede determinar la duraci\u00f3n y los temas de la disposici\u00f3n .<\/p>\n<p>S\u00ed Casa Paco tiene una cocina totalmente equipada, un horno de fumar fumar peces y las tierras de nuestra cama y desayuno recogemos hierbas frescas, verduras y frutas. Hay tantos cocinado comida tradicional espa\u00f1ola . Se elige el acuerdo ( o en combinaci\u00f3n ) de los siguientes temas: pescado, carne o tapas .<\/p>\n","protected":false},"excerpt":{"rendered":"<p>&nbsp; Disfrute de la gastronom\u00eda de Andaluc\u00eda !! En Casa Paco se puede disfrutar de paquetes culinarios flexibles ( desde \u20ac 35, &#8211; por persona ) . Usted puede determinar la duraci\u00f3n y los temas de la disposici\u00f3n . S\u00ed Casa Paco tiene una cocina totalmente equipada, un horno de fumar fumar peces y las [&hellip;]<\/p>\n","protected":false},"author":1,"featured_media":0,"parent":0,"menu_order":0,"comment_status":"closed","ping_status":"closed","template":"","meta":{"_acf_changed":false,"_et_pb_use_builder":"on","_et_pb_old_content":"<p><strong>Ervaar de keuken van Andalusi\u00eb!!<\/strong><\/p><p>Bij Casa Paco kunt u genieten van flexibele culinaire arrangementen (vanaf \u20ac 35,- per persoon). U kunt zelf de duur en de thema\u2019s van het arrangement bepalen.<\/p><p>Casa Paco beschikt zelf over een volledig uitgeruste keuken, een rookton om vis te roken en van de landerijen van ons bed & breakfast halen we verse kruiden, groenten en vruchten.\u00a0Er worden zoveel mogelijk traditionele Spaanse gerechten gekookt. \u00a0Voor het arrangement kan er gekozen (of gecombineerd) worden uit de volgende thema's: vis, tapas\u00a0of vlees.<\/p>","_et_gb_content_width":"","footnotes":""},"class_list":["post-1015","page","type-page","status-publish","hentry"],"acf":[],"_links":{"self":[{"href":"https:\/\/pacovelez.eu\/es\/wp-json\/wp\/v2\/pages\/1015","targetHints":{"allow":["GET"]}}],"collection":[{"href":"https:\/\/pacovelez.eu\/es\/wp-json\/wp\/v2\/pages"}],"about":[{"href":"https:\/\/pacovelez.eu\/es\/wp-json\/wp\/v2\/types\/page"}],"author":[{"embeddable":true,"href":"https:\/\/pacovelez.eu\/es\/wp-json\/wp\/v2\/users\/1"}],"replies":[{"embeddable":true,"href":"https:\/\/pacovelez.eu\/es\/wp-json\/wp\/v2\/comments?post=1015"}],"version-history":[{"count":0,"href":"https:\/\/pacovelez.eu\/es\/wp-json\/wp\/v2\/pages\/1015\/revisions"}],"wp:attachment":[{"href":"https:\/\/pacovelez.eu\/es\/wp-json\/wp\/v2\/media?parent=1015"}],"curies":[{"name":"wp","href":"https:\/\/api.w.org\/{rel}","templated":true}]}}