{"id":1011,"date":"2016-01-13T20:26:36","date_gmt":"2016-01-13T20:26:36","guid":{"rendered":"https:\/\/pacovelez.eu\/?page_id=1011"},"modified":"2016-01-14T19:32:44","modified_gmt":"2016-01-14T19:32:44","slug":"paquete-aceite-oliva","status":"publish","type":"page","link":"https:\/\/pacovelez.eu\/es\/paquete-aceite-oliva\/","title":{"rendered":"Paquete aceite de oliva"},"content":{"rendered":"<p><strong>(deciembre \/ febrero) :<\/strong><br \/>\nDesde 2009 Casa Paco es propietaria de un olivar real. Comenz\u00f3 con dos \u00e1rboles de 250 a\u00f1os de antig\u00fcedad de oliva arbequina que dirigir\u00e1n todas las frutas . A partir de noviembre \/ diciembre de comenzar la cosecha y , por supuesto, es agradable ver d\u00f3nde y c\u00f3mo ( los aut\u00f3nomos ) recogido las aceitunas se prensan para el aceite de oliva delicioso.<\/p>\n<p>Casa Paco le ofrece la oportunidad de sumergirse en el mundo de la recolecci\u00f3n de la aceituna y el aceite de oliva junto con nosotros para experimentar el encanto y el sabor de este proceso. E.e.a. se puede combinar con una cata de aceite de oliva.<\/p>\n<p>El precio depende del programa que usted elija . P\u00f3ngase en contacto con nosotros para obtener m\u00e1s informaci\u00f3n a trav\u00e9s de info@casapaco.eu<\/p>\n","protected":false},"excerpt":{"rendered":"<p>(deciembre \/ febrero) : Desde 2009 Casa Paco es propietaria de un olivar real. Comenz\u00f3 con dos \u00e1rboles de 250 a\u00f1os de antig\u00fcedad de oliva arbequina que dirigir\u00e1n todas las frutas . A partir de noviembre \/ diciembre de comenzar la cosecha y , por supuesto, es agradable ver d\u00f3nde y c\u00f3mo ( los aut\u00f3nomos [&hellip;]<\/p>\n","protected":false},"author":1,"featured_media":0,"parent":0,"menu_order":0,"comment_status":"closed","ping_status":"closed","template":"","meta":{"_acf_changed":false,"_et_pb_use_builder":"on","_et_pb_old_content":"<h1>(december t\/m februari):<\/h1><p>Sinds 2009 bezit Casa Paco een heuse olijfboomgaard. Er is gestart met 250 2-jarige Arbequina olijfbomen, welke al direct vrucht geven. Vanaf november\/december start de oogst en het is natuurlijk mooi om te zien waar en hoe\u00a0(de eventueel zelfgeplukte) olijven geperst worden tot de overheerlijke olijfolie.<\/p><p>\u00a0<\/p><p>Casa Paco biedt u de mogelijkheid om in de wereld van de olijvenoogst en olijfolie te duiken en samen met ons de charme en smaak van dit proces te proeven. E.e.a. kan gecombineerd worden met een olijfolieproeverij.<\/p><p>De prijs is afhankelijk van het programma waarvoor u kiest. Neem voor meer informatie contact op via <a title=\"info@casapaco.eu\" href=\"mailto:info@casapaco.eu\">info@casapaco.eu <\/a><\/p>","_et_gb_content_width":"","footnotes":""},"class_list":["post-1011","page","type-page","status-publish","hentry"],"acf":[],"_links":{"self":[{"href":"https:\/\/pacovelez.eu\/es\/wp-json\/wp\/v2\/pages\/1011","targetHints":{"allow":["GET"]}}],"collection":[{"href":"https:\/\/pacovelez.eu\/es\/wp-json\/wp\/v2\/pages"}],"about":[{"href":"https:\/\/pacovelez.eu\/es\/wp-json\/wp\/v2\/types\/page"}],"author":[{"embeddable":true,"href":"https:\/\/pacovelez.eu\/es\/wp-json\/wp\/v2\/users\/1"}],"replies":[{"embeddable":true,"href":"https:\/\/pacovelez.eu\/es\/wp-json\/wp\/v2\/comments?post=1011"}],"version-history":[{"count":0,"href":"https:\/\/pacovelez.eu\/es\/wp-json\/wp\/v2\/pages\/1011\/revisions"}],"wp:attachment":[{"href":"https:\/\/pacovelez.eu\/es\/wp-json\/wp\/v2\/media?parent=1011"}],"curies":[{"name":"wp","href":"https:\/\/api.w.org\/{rel}","templated":true}]}}