{"id":809,"date":"2016-01-07T21:35:29","date_gmt":"2016-01-07T21:35:29","guid":{"rendered":"https:\/\/pacovelez.eu\/?page_id=809"},"modified":"2017-01-29T16:38:43","modified_gmt":"2017-01-29T16:38:43","slug":"living-eng","status":"publish","type":"page","link":"https:\/\/pacovelez.eu\/en\/living-eng\/","title":{"rendered":"Living"},"content":{"rendered":"<p>&nbsp;<\/p>\n<p>Casa Paco cuenta con una gran sala com\u00fan, donde podr\u00e1 relajarse, ver la televisi\u00f3n y tambi\u00e9n con el bar de autoservicio. El uso de la disposici\u00f3n de conexi\u00f3n Wi-Fi, tambi\u00e9n puede consultar su correo electr\u00f3nico o Internet.<\/p>\n<p>You can also go here if you just can not miss the digital world of TV and Dutch programs and \/ or want to watch a DVD from the selection of Casa Paco .<\/p>\n<p>In short, enjoy your relaxation , it is in fact your vacation!<\/p>\n\n\t\t<style type=\"text\/css\">\n\t\t\t#gallery-1 {\n\t\t\t\tmargin: auto;\n\t\t\t}\n\t\t\t#gallery-1 .gallery-item {\n\t\t\t\tfloat: left;\n\t\t\t\tmargin-top: 10px;\n\t\t\t\ttext-align: center;\n\t\t\t\twidth: 33%;\n\t\t\t}\n\t\t\t#gallery-1 img {\n\t\t\t\tborder: 2px solid #cfcfcf;\n\t\t\t}\n\t\t\t#gallery-1 .gallery-caption {\n\t\t\t\tmargin-left: 0;\n\t\t\t}\n\t\t\t\/* see gallery_shortcode() in wp-includes\/media.php *\/\n\t\t<\/style>\n\t\t<div id='gallery-1' class='gallery galleryid-809 gallery-columns-3 gallery-size-thumbnail'><dl class='gallery-item'>\n\t\t\t<dt class='gallery-icon landscape'>\n\t\t\t\t<a href='https:\/\/pacovelez.eu\/en\/linving\/img_0290-2\/'><img decoding=\"async\" width=\"150\" height=\"150\" src=\"https:\/\/pacovelez.eu\/wp-content\/uploads\/2016\/01\/IMG_0290-150x150.jpg\" class=\"attachment-thumbnail size-thumbnail\" alt=\"\" srcset=\"https:\/\/pacovelez.eu\/wp-content\/uploads\/2016\/01\/IMG_0290-150x150.jpg 150w, https:\/\/pacovelez.eu\/wp-content\/uploads\/2016\/01\/IMG_0290-75x75.jpg 75w\" sizes=\"(max-width: 150px) 100vw, 150px\" \/><\/a>\n\t\t\t<\/dt><\/dl><dl class='gallery-item'>\n\t\t\t<dt class='gallery-icon landscape'>\n\t\t\t\t<a href='https:\/\/pacovelez.eu\/en\/linving\/img_0288-2\/'><img decoding=\"async\" width=\"150\" height=\"150\" src=\"https:\/\/pacovelez.eu\/wp-content\/uploads\/2016\/01\/IMG_0288-150x150.jpg\" class=\"attachment-thumbnail size-thumbnail\" alt=\"\" srcset=\"https:\/\/pacovelez.eu\/wp-content\/uploads\/2016\/01\/IMG_0288-150x150.jpg 150w, https:\/\/pacovelez.eu\/wp-content\/uploads\/2016\/01\/IMG_0288-300x300.jpg 300w, https:\/\/pacovelez.eu\/wp-content\/uploads\/2016\/01\/IMG_0288-768x768.jpg 768w, https:\/\/pacovelez.eu\/wp-content\/uploads\/2016\/01\/IMG_0288-1024x1024.jpg 1024w, https:\/\/pacovelez.eu\/wp-content\/uploads\/2016\/01\/IMG_0288-114x114.jpg 114w, https:\/\/pacovelez.eu\/wp-content\/uploads\/2016\/01\/IMG_0288-75x75.jpg 75w, https:\/\/pacovelez.eu\/wp-content\/uploads\/2016\/01\/IMG_0288.jpg 1936w\" sizes=\"(max-width: 150px) 100vw, 150px\" \/><\/a>\n\t\t\t<\/dt><\/dl>\n\t\t\t<br style='clear: both' \/>\n\t\t<\/div>\n\n<p>&nbsp;<\/p>\n<p><a href=\"https:\/\/pacovelez.eu\/wp-content\/uploads\/2015\/08\/living-casa-paco-02.jpg\"><img decoding=\"async\" class=\"alignnone wp-image-190\" src=\"https:\/\/pacovelez.eu\/wp-content\/uploads\/2015\/08\/living-casa-paco-02-300x225.jpg\" alt=\"living-casa-paco\" width=\"562\" height=\"422\" \/><\/a><\/p>\n<p>&nbsp;<\/p>\n","protected":false},"excerpt":{"rendered":"<p>&nbsp; Casa Paco cuenta con una gran sala com\u00fan, donde podr\u00e1 relajarse, ver la televisi\u00f3n y tambi\u00e9n con el bar de autoservicio. El uso de la disposici\u00f3n de conexi\u00f3n Wi-Fi, tambi\u00e9n puede consultar su correo electr\u00f3nico o Internet. You can also go here if you just can not miss the digital world of TV and [&hellip;]<\/p>\n","protected":false},"author":1,"featured_media":0,"parent":0,"menu_order":0,"comment_status":"closed","ping_status":"closed","template":"","meta":{"_acf_changed":false,"_et_pb_use_builder":"","_et_pb_old_content":"","_et_gb_content_width":"","footnotes":""},"class_list":["post-809","page","type-page","status-publish","hentry"],"acf":[],"_links":{"self":[{"href":"https:\/\/pacovelez.eu\/en\/wp-json\/wp\/v2\/pages\/809","targetHints":{"allow":["GET"]}}],"collection":[{"href":"https:\/\/pacovelez.eu\/en\/wp-json\/wp\/v2\/pages"}],"about":[{"href":"https:\/\/pacovelez.eu\/en\/wp-json\/wp\/v2\/types\/page"}],"author":[{"embeddable":true,"href":"https:\/\/pacovelez.eu\/en\/wp-json\/wp\/v2\/users\/1"}],"replies":[{"embeddable":true,"href":"https:\/\/pacovelez.eu\/en\/wp-json\/wp\/v2\/comments?post=809"}],"version-history":[{"count":0,"href":"https:\/\/pacovelez.eu\/en\/wp-json\/wp\/v2\/pages\/809\/revisions"}],"wp:attachment":[{"href":"https:\/\/pacovelez.eu\/en\/wp-json\/wp\/v2\/media?parent=809"}],"curies":[{"name":"wp","href":"https:\/\/api.w.org\/{rel}","templated":true}]}}